{"id":996,"date":"2025-03-01T17:05:50","date_gmt":"2025-03-01T17:05:50","guid":{"rendered":"https:\/\/sistechsoftware.com.br\/?post_type=product&#038;p=996"},"modified":"2025-03-01T17:05:50","modified_gmt":"2025-03-01T17:05:50","slug":"placa-mae-s1151-h110-ddr4","status":"publish","type":"product","link":"https:\/\/sistechsoftware.com.br\/?product=placa-mae-s1151-h110-ddr4","title":{"rendered":"Placa M\u00e3e S1151 H110 DDR4"},"content":{"rendered":"<div id=\"descricao\">\n<p>Placa-M\u00e3e S1151 H110 DDR4 | GT suporta os processadores Intel Socket 1151 Core i7 \/ i5 \/ i3, al\u00e9m dos multin\u00facleos Intel de 6\u00aa e 7\u00aa Gera\u00e7\u00e3o.<\/p>\n<\/div>\n<div id=\"especificacoes\" class=\"productSpecification\">\n<table>\n<tbody>\n<tr>\n<td colspan=\"3\"><u><b>ESPECIFICA\u00c7\u00d5ES T\u00c9CNICAS<\/b><\/u><\/td>\n<\/tr>\n<tr>\n<td><b>Processador<\/b><\/td>\n<td>Suporta processadores Intel Socket 1151 Core i7 \/ i5 \/ i3<br \/>\nSuporta processadores multin\u00facleo Intel de 6\u00aa e 7\u00aa Gera\u00e7\u00e3o<\/td>\n<\/tr>\n<tr>\n<td><b>Chipset<\/b><\/td>\n<td>Intel H110<\/td>\n<\/tr>\n<tr>\n<td><b>Suporte de Mem\u00f3ria<\/b><\/td>\n<td>2x Slots DImms (240 pinos \/ 1.5V)<br \/>\nSuporte Dual Channel DDR4 2133\/2400MHz<br \/>\nSuporta at\u00e9 16GB<\/td>\n<\/tr>\n<tr>\n<td><b>LAN<\/b><\/td>\n<td>Realtek 8105E 10\/100 Mbps LAN onboard<\/td>\n<\/tr>\n<tr>\n<td><b>Audio<\/b><\/td>\n<td>Chip integrado pelo Realtek ALC661<br \/>\nAt\u00e9 6 Canais<br \/>\nInterface de \u00e1udio frontal; interface de Mic Stereo frontal.<\/td>\n<\/tr>\n<tr>\n<td><b>Slots<\/b><\/td>\n<td>1 x Slot PCI Express 2.0 x16<\/td>\n<\/tr>\n<tr>\n<td><b>Armazenamento<\/b><\/td>\n<td>4 x Portas SATA II<\/td>\n<\/tr>\n<tr>\n<td><b>Conectores Internos<\/b><\/td>\n<td>1 x Conector de energia ATX de 24 pinos<br \/>\n1 x Conector USB 3.0(suporta 2 portas USB 3.0 adicionais)<br \/>\n2 x Conector USB 2.0(suporta 4 portas USB 2.0 adicionais)<br \/>\n1 x Conector de \u00e1udio do painel frontal<br \/>\n1 x Conector do painel do sistema<\/td>\n<\/tr>\n<tr>\n<td><b>Conectores Traseiros<\/b><\/td>\n<td>1 x PS\/2 keyboard<br \/>\n1 x PS\/2 mouse<br \/>\n1 x VGA<br \/>\n1 x HDMI<br \/>\n2 x USB 2.0<br \/>\n2 x USB 3.0<br \/>\n1 x LAN(RJ45)<br \/>\n3 x \u00c1udio jack<\/td>\n<\/tr>\n<tr>\n<td><b>BIOS<\/b><\/td>\n<td>AMI BIOS<\/td>\n<\/tr>\n<tr>\n<td><b>Form Factor<\/b><\/td>\n<td>Micro ATX<br \/>\n19 x 17 cm<\/td>\n<\/tr>\n<tr>\n<td><b>Conteudo da Embalagem<\/b><\/td>\n<td>1 x Placa-M\u00e3e GT H110<br \/>\n1 x CD de Driver<br \/>\n1 x Espelho traseiro<br \/>\n1 x Manual do Usu\u00e1rio<br \/>\n1 x Cabo SATA<\/td>\n<\/tr>\n<\/tbody>\n<\/table>\n<\/div>\n","protected":false},"excerpt":{"rendered":"<p>Placa-M\u00e3e S1151 H110 DDR4 | GT suporta os processadores Intel Socket 1151 Core i7 \/ i5 \/ i3, al\u00e9m dos multin\u00facleos Intel de 6\u00aa e 7\u00aa Gera\u00e7\u00e3o. ESPECIFICA\u00c7\u00d5ES T\u00c9CNICAS Processador Suporta processadores Intel Socket 1151 Core i7 \/ i5 \/ i3 Suporta processadores multin\u00facleo Intel de 6\u00aa e 7\u00aa Gera\u00e7\u00e3o Chipset Intel H110 Suporte de [&hellip;]<\/p>\n","protected":false},"featured_media":997,"comment_status":"open","ping_status":"closed","template":"","meta":[],"product_brand":[],"product_cat":[28],"product_tag":[78,77],"class_list":{"0":"post-996","1":"product","2":"type-product","3":"status-publish","4":"has-post-thumbnail","6":"product_cat-perifericos","7":"product_tag-perifericos","8":"product_tag-placa-mae","10":"first","11":"instock","12":"shipping-taxable","13":"purchasable","14":"product-type-simple"},"yoast_head":"<!-- This site is optimized with the Yoast SEO plugin v24.7 - https:\/\/yoast.com\/wordpress\/plugins\/seo\/ -->\n<title>Placa M\u00e3e S1151 H110 DDR4 - sistechsoftware.com.br<\/title>\n<meta name=\"robots\" content=\"index, follow, max-snippet:-1, max-image-preview:large, max-video-preview:-1\" \/>\n<link rel=\"canonical\" href=\"https:\/\/sistechsoftware.com.br\/?product=placa-mae-s1151-h110-ddr4\" \/>\n<meta property=\"og:locale\" content=\"pt_BR\" \/>\n<meta property=\"og:type\" content=\"article\" \/>\n<meta property=\"og:title\" content=\"Placa M\u00e3e S1151 H110 DDR4 - sistechsoftware.com.br\" \/>\n<meta property=\"og:description\" content=\"Placa-M\u00e3e S1151 H110 DDR4 | GT suporta os processadores Intel Socket 1151 Core i7 \/ i5 \/ i3, al\u00e9m dos multin\u00facleos Intel de 6\u00aa e 7\u00aa Gera\u00e7\u00e3o. ESPECIFICA\u00c7\u00d5ES T\u00c9CNICAS Processador Suporta processadores Intel Socket 1151 Core i7 \/ i5 \/ i3 Suporta processadores multin\u00facleo Intel de 6\u00aa e 7\u00aa Gera\u00e7\u00e3o Chipset Intel H110 Suporte de [&hellip;]\" \/>\n<meta property=\"og:url\" content=\"https:\/\/sistechsoftware.com.br\/?product=placa-mae-s1151-h110-ddr4\" \/>\n<meta property=\"og:site_name\" content=\"sistechsoftware.com.br\" \/>\n<meta property=\"article:publisher\" content=\"https:\/\/www.facebook.com\/sistechTHE\/\" \/>\n<meta property=\"og:image\" content=\"https:\/\/sistechsoftware.com.br\/wp-content\/uploads\/2025\/03\/placa-mae.png\" \/>\n\t<meta property=\"og:image:width\" content=\"813\" \/>\n\t<meta property=\"og:image:height\" content=\"644\" \/>\n\t<meta property=\"og:image:type\" content=\"image\/png\" \/>\n<meta name=\"twitter:card\" content=\"summary_large_image\" \/>\n<meta name=\"twitter:label1\" content=\"Est. tempo de leitura\" \/>\n\t<meta name=\"twitter:data1\" content=\"1 minuto\" \/>\n<script type=\"application\/ld+json\" class=\"yoast-schema-graph\">{\"@context\":\"https:\/\/schema.org\",\"@graph\":[{\"@type\":\"WebPage\",\"@id\":\"https:\/\/sistechsoftware.com.br\/?product=placa-mae-s1151-h110-ddr4\",\"url\":\"https:\/\/sistechsoftware.com.br\/?product=placa-mae-s1151-h110-ddr4\",\"name\":\"Placa M\u00e3e S1151 H110 DDR4 - sistechsoftware.com.br\",\"isPartOf\":{\"@id\":\"https:\/\/sistechsoftware.com.br\/#website\"},\"primaryImageOfPage\":{\"@id\":\"https:\/\/sistechsoftware.com.br\/?product=placa-mae-s1151-h110-ddr4#primaryimage\"},\"image\":{\"@id\":\"https:\/\/sistechsoftware.com.br\/?product=placa-mae-s1151-h110-ddr4#primaryimage\"},\"thumbnailUrl\":\"https:\/\/sistechsoftware.com.br\/wp-content\/uploads\/2025\/03\/placa-mae.png\",\"datePublished\":\"2025-03-01T17:05:50+00:00\",\"breadcrumb\":{\"@id\":\"https:\/\/sistechsoftware.com.br\/?product=placa-mae-s1151-h110-ddr4#breadcrumb\"},\"inLanguage\":\"pt-BR\",\"potentialAction\":[{\"@type\":\"ReadAction\",\"target\":[\"https:\/\/sistechsoftware.com.br\/?product=placa-mae-s1151-h110-ddr4\"]}]},{\"@type\":\"ImageObject\",\"inLanguage\":\"pt-BR\",\"@id\":\"https:\/\/sistechsoftware.com.br\/?product=placa-mae-s1151-h110-ddr4#primaryimage\",\"url\":\"https:\/\/sistechsoftware.com.br\/wp-content\/uploads\/2025\/03\/placa-mae.png\",\"contentUrl\":\"https:\/\/sistechsoftware.com.br\/wp-content\/uploads\/2025\/03\/placa-mae.png\",\"width\":813,\"height\":644},{\"@type\":\"BreadcrumbList\",\"@id\":\"https:\/\/sistechsoftware.com.br\/?product=placa-mae-s1151-h110-ddr4#breadcrumb\",\"itemListElement\":[{\"@type\":\"ListItem\",\"position\":1,\"name\":\"In\u00edcio\",\"item\":\"https:\/\/sistechsoftware.com.br\/\"},{\"@type\":\"ListItem\",\"position\":2,\"name\":\"Shop\",\"item\":\"https:\/\/sistechsoftware.com.br\/?page_id=544\"},{\"@type\":\"ListItem\",\"position\":3,\"name\":\"Placa M\u00e3e S1151 H110 DDR4\"}]},{\"@type\":\"WebSite\",\"@id\":\"https:\/\/sistechsoftware.com.br\/#website\",\"url\":\"https:\/\/sistechsoftware.com.br\/\",\"name\":\"sistechsoftware.com.br\",\"description\":\"\",\"publisher\":{\"@id\":\"https:\/\/sistechsoftware.com.br\/#organization\"},\"potentialAction\":[{\"@type\":\"SearchAction\",\"target\":{\"@type\":\"EntryPoint\",\"urlTemplate\":\"https:\/\/sistechsoftware.com.br\/?s={search_term_string}\"},\"query-input\":{\"@type\":\"PropertyValueSpecification\",\"valueRequired\":true,\"valueName\":\"search_term_string\"}}],\"inLanguage\":\"pt-BR\"},{\"@type\":\"Organization\",\"@id\":\"https:\/\/sistechsoftware.com.br\/#organization\",\"name\":\"sistechsoftware.com.br\",\"url\":\"https:\/\/sistechsoftware.com.br\/\",\"logo\":{\"@type\":\"ImageObject\",\"inLanguage\":\"pt-BR\",\"@id\":\"https:\/\/sistechsoftware.com.br\/#\/schema\/logo\/image\/\",\"url\":\"https:\/\/sistechsoftware.com.br\/wp-content\/uploads\/2025\/01\/2bc4c4e9-190e-428c-9e8c-abd1d40d431c.png\",\"contentUrl\":\"https:\/\/sistechsoftware.com.br\/wp-content\/uploads\/2025\/01\/2bc4c4e9-190e-428c-9e8c-abd1d40d431c.png\",\"width\":6250,\"height\":2553,\"caption\":\"sistechsoftware.com.br\"},\"image\":{\"@id\":\"https:\/\/sistechsoftware.com.br\/#\/schema\/logo\/image\/\"},\"sameAs\":[\"https:\/\/www.facebook.com\/sistechTHE\/\",\"https:\/\/www.instagram.com\/sistechcocais\/\"]}]}<\/script>\n<!-- \/ Yoast SEO plugin. -->","yoast_head_json":{"title":"Placa M\u00e3e S1151 H110 DDR4 - sistechsoftware.com.br","robots":{"index":"index","follow":"follow","max-snippet":"max-snippet:-1","max-image-preview":"max-image-preview:large","max-video-preview":"max-video-preview:-1"},"canonical":"https:\/\/sistechsoftware.com.br\/?product=placa-mae-s1151-h110-ddr4","og_locale":"pt_BR","og_type":"article","og_title":"Placa M\u00e3e S1151 H110 DDR4 - sistechsoftware.com.br","og_description":"Placa-M\u00e3e S1151 H110 DDR4 | GT suporta os processadores Intel Socket 1151 Core i7 \/ i5 \/ i3, al\u00e9m dos multin\u00facleos Intel de 6\u00aa e 7\u00aa Gera\u00e7\u00e3o. ESPECIFICA\u00c7\u00d5ES T\u00c9CNICAS Processador Suporta processadores Intel Socket 1151 Core i7 \/ i5 \/ i3 Suporta processadores multin\u00facleo Intel de 6\u00aa e 7\u00aa Gera\u00e7\u00e3o Chipset Intel H110 Suporte de [&hellip;]","og_url":"https:\/\/sistechsoftware.com.br\/?product=placa-mae-s1151-h110-ddr4","og_site_name":"sistechsoftware.com.br","article_publisher":"https:\/\/www.facebook.com\/sistechTHE\/","og_image":[{"width":813,"height":644,"url":"https:\/\/sistechsoftware.com.br\/wp-content\/uploads\/2025\/03\/placa-mae.png","type":"image\/png"}],"twitter_card":"summary_large_image","twitter_misc":{"Est. tempo de leitura":"1 minuto"},"schema":{"@context":"https:\/\/schema.org","@graph":[{"@type":"WebPage","@id":"https:\/\/sistechsoftware.com.br\/?product=placa-mae-s1151-h110-ddr4","url":"https:\/\/sistechsoftware.com.br\/?product=placa-mae-s1151-h110-ddr4","name":"Placa M\u00e3e S1151 H110 DDR4 - sistechsoftware.com.br","isPartOf":{"@id":"https:\/\/sistechsoftware.com.br\/#website"},"primaryImageOfPage":{"@id":"https:\/\/sistechsoftware.com.br\/?product=placa-mae-s1151-h110-ddr4#primaryimage"},"image":{"@id":"https:\/\/sistechsoftware.com.br\/?product=placa-mae-s1151-h110-ddr4#primaryimage"},"thumbnailUrl":"https:\/\/sistechsoftware.com.br\/wp-content\/uploads\/2025\/03\/placa-mae.png","datePublished":"2025-03-01T17:05:50+00:00","breadcrumb":{"@id":"https:\/\/sistechsoftware.com.br\/?product=placa-mae-s1151-h110-ddr4#breadcrumb"},"inLanguage":"pt-BR","potentialAction":[{"@type":"ReadAction","target":["https:\/\/sistechsoftware.com.br\/?product=placa-mae-s1151-h110-ddr4"]}]},{"@type":"ImageObject","inLanguage":"pt-BR","@id":"https:\/\/sistechsoftware.com.br\/?product=placa-mae-s1151-h110-ddr4#primaryimage","url":"https:\/\/sistechsoftware.com.br\/wp-content\/uploads\/2025\/03\/placa-mae.png","contentUrl":"https:\/\/sistechsoftware.com.br\/wp-content\/uploads\/2025\/03\/placa-mae.png","width":813,"height":644},{"@type":"BreadcrumbList","@id":"https:\/\/sistechsoftware.com.br\/?product=placa-mae-s1151-h110-ddr4#breadcrumb","itemListElement":[{"@type":"ListItem","position":1,"name":"In\u00edcio","item":"https:\/\/sistechsoftware.com.br\/"},{"@type":"ListItem","position":2,"name":"Shop","item":"https:\/\/sistechsoftware.com.br\/?page_id=544"},{"@type":"ListItem","position":3,"name":"Placa M\u00e3e S1151 H110 DDR4"}]},{"@type":"WebSite","@id":"https:\/\/sistechsoftware.com.br\/#website","url":"https:\/\/sistechsoftware.com.br\/","name":"sistechsoftware.com.br","description":"","publisher":{"@id":"https:\/\/sistechsoftware.com.br\/#organization"},"potentialAction":[{"@type":"SearchAction","target":{"@type":"EntryPoint","urlTemplate":"https:\/\/sistechsoftware.com.br\/?s={search_term_string}"},"query-input":{"@type":"PropertyValueSpecification","valueRequired":true,"valueName":"search_term_string"}}],"inLanguage":"pt-BR"},{"@type":"Organization","@id":"https:\/\/sistechsoftware.com.br\/#organization","name":"sistechsoftware.com.br","url":"https:\/\/sistechsoftware.com.br\/","logo":{"@type":"ImageObject","inLanguage":"pt-BR","@id":"https:\/\/sistechsoftware.com.br\/#\/schema\/logo\/image\/","url":"https:\/\/sistechsoftware.com.br\/wp-content\/uploads\/2025\/01\/2bc4c4e9-190e-428c-9e8c-abd1d40d431c.png","contentUrl":"https:\/\/sistechsoftware.com.br\/wp-content\/uploads\/2025\/01\/2bc4c4e9-190e-428c-9e8c-abd1d40d431c.png","width":6250,"height":2553,"caption":"sistechsoftware.com.br"},"image":{"@id":"https:\/\/sistechsoftware.com.br\/#\/schema\/logo\/image\/"},"sameAs":["https:\/\/www.facebook.com\/sistechTHE\/","https:\/\/www.instagram.com\/sistechcocais\/"]}]}},"_links":{"self":[{"href":"https:\/\/sistechsoftware.com.br\/index.php?rest_route=\/wp\/v2\/product\/996","targetHints":{"allow":["GET"]}}],"collection":[{"href":"https:\/\/sistechsoftware.com.br\/index.php?rest_route=\/wp\/v2\/product"}],"about":[{"href":"https:\/\/sistechsoftware.com.br\/index.php?rest_route=\/wp\/v2\/types\/product"}],"replies":[{"embeddable":true,"href":"https:\/\/sistechsoftware.com.br\/index.php?rest_route=%2Fwp%2Fv2%2Fcomments&post=996"}],"wp:featuredmedia":[{"embeddable":true,"href":"https:\/\/sistechsoftware.com.br\/index.php?rest_route=\/wp\/v2\/media\/997"}],"wp:attachment":[{"href":"https:\/\/sistechsoftware.com.br\/index.php?rest_route=%2Fwp%2Fv2%2Fmedia&parent=996"}],"wp:term":[{"taxonomy":"product_brand","embeddable":true,"href":"https:\/\/sistechsoftware.com.br\/index.php?rest_route=%2Fwp%2Fv2%2Fproduct_brand&post=996"},{"taxonomy":"product_cat","embeddable":true,"href":"https:\/\/sistechsoftware.com.br\/index.php?rest_route=%2Fwp%2Fv2%2Fproduct_cat&post=996"},{"taxonomy":"product_tag","embeddable":true,"href":"https:\/\/sistechsoftware.com.br\/index.php?rest_route=%2Fwp%2Fv2%2Fproduct_tag&post=996"}],"curies":[{"name":"wp","href":"https:\/\/api.w.org\/{rel}","templated":true}]}}