{"id":978,"date":"2025-03-01T16:26:02","date_gmt":"2025-03-01T16:26:02","guid":{"rendered":"https:\/\/sistechsoftware.com.br\/?post_type=product&#038;p=978"},"modified":"2025-03-01T16:26:03","modified_gmt":"2025-03-01T16:26:03","slug":"bobina-termica-57x15-maquina-cartao-credito","status":"publish","type":"product","link":"https:\/\/sistechsoftware.com.br\/?product=bobina-termica-57x15-maquina-cartao-credito","title":{"rendered":"Bobina T\u00e9rmica 57&#215;15 Maquina Cart\u00e3o Credito"},"content":{"rendered":"<h2 class=\"ui-pdp-description__title\" data-testid=\"title\">Descri\u00e7\u00e3o<\/h2>\n<p class=\"ui-pdp-description__content\" data-testid=\"content\">Bobina T\u00e9rmica Branca 57mm x 15 metros \u2013 Caixa com 50 rolos<\/p>\n<p>Ideal para maquininhas de cart\u00e3o de cr\u00e9dito que emitem comprovante impresso<\/p>\n<p>Compat\u00edvel com maquinas de cart\u00e3o Pag Seguro e Impressoras T\u00e9rmicas que aceitam as medidas 57mm x 15m<\/p>\n<p>CONTE\u00daDO DO KIT<br \/>\n50 ROLOS DE BOBINA<br \/>\nLargura: 57mm<br \/>\nComprimento por Rolo: 15 Metros<br \/>\nTipo: T\u00e9rmica<br \/>\nCor: Branca<br \/>\nMarca: Autopel<\/p>\n<p>Indicada para Maquina Cart\u00e3o De Credito<\/p>\n<p>Recomenda-se evitar contato direto com pl\u00e1sticos, solventes ou produtos qu\u00edmicos, al\u00e9m de exposi\u00e7\u00e3o ao calor, umidade excessiva, luz solar e ilumina\u00e7\u00e3o de l\u00e2mpadas fluorescentes para manuten\u00e7\u00e3o da qualidade da impress\u00e3o<\/p>\n<p>Embalagem<br \/>\nBobina T\u00e9rmica Branca 57mm x 15 metros \u2013 Caixa com 50 rolos<\/p>\n<p>Emitimos nota fiscal em todas as vendas. A nota fiscal acompanhar\u00e1 os dados da compra conforme registrado no pedido. \u00c9 importante assegurar que seus dados estejam corretos no momento da compra para garantir a emiss\u00e3o adequada da nota fiscal.<\/p>\n","protected":false},"excerpt":{"rendered":"<p>Descri\u00e7\u00e3o Bobina T\u00e9rmica Branca 57mm x 15 metros \u2013 Caixa com 50 rolos Ideal para maquininhas de cart\u00e3o de cr\u00e9dito que emitem comprovante impresso Compat\u00edvel com maquinas de cart\u00e3o Pag Seguro e Impressoras T\u00e9rmicas que aceitam as medidas 57mm x 15m CONTE\u00daDO DO KIT 50 ROLOS DE BOBINA Largura: 57mm Comprimento por Rolo: 15 Metros [&hellip;]<\/p>\n","protected":false},"featured_media":979,"comment_status":"open","ping_status":"closed","template":"","meta":[],"product_brand":[],"product_cat":[33],"product_tag":[73,75,74],"class_list":{"0":"post-978","1":"product","2":"type-product","3":"status-publish","4":"has-post-thumbnail","6":"product_cat-automacao-comercial","7":"product_tag-bobina","8":"product_tag-impressoratermica","9":"product_tag-papel","11":"first","12":"instock","13":"shipping-taxable","14":"purchasable","15":"product-type-simple"},"yoast_head":"<!-- This site is optimized with the Yoast SEO plugin v24.7 - https:\/\/yoast.com\/wordpress\/plugins\/seo\/ -->\n<title>Bobina T\u00e9rmica 57x15 Maquina Cart\u00e3o Credito - sistechsoftware.com.br<\/title>\n<meta name=\"robots\" content=\"index, follow, max-snippet:-1, max-image-preview:large, max-video-preview:-1\" \/>\n<link rel=\"canonical\" href=\"https:\/\/sistechsoftware.com.br\/?product=bobina-termica-57x15-maquina-cartao-credito\" \/>\n<meta property=\"og:locale\" content=\"pt_BR\" \/>\n<meta property=\"og:type\" content=\"article\" \/>\n<meta property=\"og:title\" content=\"Bobina T\u00e9rmica 57x15 Maquina Cart\u00e3o Credito - sistechsoftware.com.br\" \/>\n<meta property=\"og:description\" content=\"Descri\u00e7\u00e3o Bobina T\u00e9rmica Branca 57mm x 15 metros \u2013 Caixa com 50 rolos Ideal para maquininhas de cart\u00e3o de cr\u00e9dito que emitem comprovante impresso Compat\u00edvel com maquinas de cart\u00e3o Pag Seguro e Impressoras T\u00e9rmicas que aceitam as medidas 57mm x 15m CONTE\u00daDO DO KIT 50 ROLOS DE BOBINA Largura: 57mm Comprimento por Rolo: 15 Metros [&hellip;]\" \/>\n<meta property=\"og:url\" content=\"https:\/\/sistechsoftware.com.br\/?product=bobina-termica-57x15-maquina-cartao-credito\" \/>\n<meta property=\"og:site_name\" content=\"sistechsoftware.com.br\" \/>\n<meta property=\"article:publisher\" content=\"https:\/\/www.facebook.com\/sistechTHE\/\" \/>\n<meta property=\"article:modified_time\" content=\"2025-03-01T16:26:03+00:00\" \/>\n<meta property=\"og:image\" content=\"https:\/\/sistechsoftware.com.br\/wp-content\/uploads\/2025\/03\/bobina-1.png\" \/>\n\t<meta property=\"og:image:width\" content=\"599\" \/>\n\t<meta property=\"og:image:height\" content=\"695\" \/>\n\t<meta property=\"og:image:type\" content=\"image\/png\" \/>\n<meta name=\"twitter:card\" content=\"summary_large_image\" \/>\n<meta name=\"twitter:label1\" content=\"Est. tempo de leitura\" \/>\n\t<meta name=\"twitter:data1\" content=\"1 minuto\" \/>\n<script type=\"application\/ld+json\" class=\"yoast-schema-graph\">{\"@context\":\"https:\/\/schema.org\",\"@graph\":[{\"@type\":\"WebPage\",\"@id\":\"https:\/\/sistechsoftware.com.br\/?product=bobina-termica-57x15-maquina-cartao-credito\",\"url\":\"https:\/\/sistechsoftware.com.br\/?product=bobina-termica-57x15-maquina-cartao-credito\",\"name\":\"Bobina T\u00e9rmica 57x15 Maquina Cart\u00e3o Credito - sistechsoftware.com.br\",\"isPartOf\":{\"@id\":\"https:\/\/sistechsoftware.com.br\/#website\"},\"primaryImageOfPage\":{\"@id\":\"https:\/\/sistechsoftware.com.br\/?product=bobina-termica-57x15-maquina-cartao-credito#primaryimage\"},\"image\":{\"@id\":\"https:\/\/sistechsoftware.com.br\/?product=bobina-termica-57x15-maquina-cartao-credito#primaryimage\"},\"thumbnailUrl\":\"https:\/\/sistechsoftware.com.br\/wp-content\/uploads\/2025\/03\/bobina-1.png\",\"datePublished\":\"2025-03-01T16:26:02+00:00\",\"dateModified\":\"2025-03-01T16:26:03+00:00\",\"breadcrumb\":{\"@id\":\"https:\/\/sistechsoftware.com.br\/?product=bobina-termica-57x15-maquina-cartao-credito#breadcrumb\"},\"inLanguage\":\"pt-BR\",\"potentialAction\":[{\"@type\":\"ReadAction\",\"target\":[\"https:\/\/sistechsoftware.com.br\/?product=bobina-termica-57x15-maquina-cartao-credito\"]}]},{\"@type\":\"ImageObject\",\"inLanguage\":\"pt-BR\",\"@id\":\"https:\/\/sistechsoftware.com.br\/?product=bobina-termica-57x15-maquina-cartao-credito#primaryimage\",\"url\":\"https:\/\/sistechsoftware.com.br\/wp-content\/uploads\/2025\/03\/bobina-1.png\",\"contentUrl\":\"https:\/\/sistechsoftware.com.br\/wp-content\/uploads\/2025\/03\/bobina-1.png\",\"width\":599,\"height\":695},{\"@type\":\"BreadcrumbList\",\"@id\":\"https:\/\/sistechsoftware.com.br\/?product=bobina-termica-57x15-maquina-cartao-credito#breadcrumb\",\"itemListElement\":[{\"@type\":\"ListItem\",\"position\":1,\"name\":\"In\u00edcio\",\"item\":\"https:\/\/sistechsoftware.com.br\/\"},{\"@type\":\"ListItem\",\"position\":2,\"name\":\"Shop\",\"item\":\"https:\/\/sistechsoftware.com.br\/?page_id=544\"},{\"@type\":\"ListItem\",\"position\":3,\"name\":\"Bobina T\u00e9rmica 57&#215;15 Maquina Cart\u00e3o Credito\"}]},{\"@type\":\"WebSite\",\"@id\":\"https:\/\/sistechsoftware.com.br\/#website\",\"url\":\"https:\/\/sistechsoftware.com.br\/\",\"name\":\"sistechsoftware.com.br\",\"description\":\"\",\"publisher\":{\"@id\":\"https:\/\/sistechsoftware.com.br\/#organization\"},\"potentialAction\":[{\"@type\":\"SearchAction\",\"target\":{\"@type\":\"EntryPoint\",\"urlTemplate\":\"https:\/\/sistechsoftware.com.br\/?s={search_term_string}\"},\"query-input\":{\"@type\":\"PropertyValueSpecification\",\"valueRequired\":true,\"valueName\":\"search_term_string\"}}],\"inLanguage\":\"pt-BR\"},{\"@type\":\"Organization\",\"@id\":\"https:\/\/sistechsoftware.com.br\/#organization\",\"name\":\"sistechsoftware.com.br\",\"url\":\"https:\/\/sistechsoftware.com.br\/\",\"logo\":{\"@type\":\"ImageObject\",\"inLanguage\":\"pt-BR\",\"@id\":\"https:\/\/sistechsoftware.com.br\/#\/schema\/logo\/image\/\",\"url\":\"https:\/\/sistechsoftware.com.br\/wp-content\/uploads\/2025\/01\/2bc4c4e9-190e-428c-9e8c-abd1d40d431c.png\",\"contentUrl\":\"https:\/\/sistechsoftware.com.br\/wp-content\/uploads\/2025\/01\/2bc4c4e9-190e-428c-9e8c-abd1d40d431c.png\",\"width\":6250,\"height\":2553,\"caption\":\"sistechsoftware.com.br\"},\"image\":{\"@id\":\"https:\/\/sistechsoftware.com.br\/#\/schema\/logo\/image\/\"},\"sameAs\":[\"https:\/\/www.facebook.com\/sistechTHE\/\",\"https:\/\/www.instagram.com\/sistechcocais\/\"]}]}<\/script>\n<!-- \/ Yoast SEO plugin. -->","yoast_head_json":{"title":"Bobina T\u00e9rmica 57x15 Maquina Cart\u00e3o Credito - sistechsoftware.com.br","robots":{"index":"index","follow":"follow","max-snippet":"max-snippet:-1","max-image-preview":"max-image-preview:large","max-video-preview":"max-video-preview:-1"},"canonical":"https:\/\/sistechsoftware.com.br\/?product=bobina-termica-57x15-maquina-cartao-credito","og_locale":"pt_BR","og_type":"article","og_title":"Bobina T\u00e9rmica 57x15 Maquina Cart\u00e3o Credito - sistechsoftware.com.br","og_description":"Descri\u00e7\u00e3o Bobina T\u00e9rmica Branca 57mm x 15 metros \u2013 Caixa com 50 rolos Ideal para maquininhas de cart\u00e3o de cr\u00e9dito que emitem comprovante impresso Compat\u00edvel com maquinas de cart\u00e3o Pag Seguro e Impressoras T\u00e9rmicas que aceitam as medidas 57mm x 15m CONTE\u00daDO DO KIT 50 ROLOS DE BOBINA Largura: 57mm Comprimento por Rolo: 15 Metros [&hellip;]","og_url":"https:\/\/sistechsoftware.com.br\/?product=bobina-termica-57x15-maquina-cartao-credito","og_site_name":"sistechsoftware.com.br","article_publisher":"https:\/\/www.facebook.com\/sistechTHE\/","article_modified_time":"2025-03-01T16:26:03+00:00","og_image":[{"width":599,"height":695,"url":"https:\/\/sistechsoftware.com.br\/wp-content\/uploads\/2025\/03\/bobina-1.png","type":"image\/png"}],"twitter_card":"summary_large_image","twitter_misc":{"Est. tempo de leitura":"1 minuto"},"schema":{"@context":"https:\/\/schema.org","@graph":[{"@type":"WebPage","@id":"https:\/\/sistechsoftware.com.br\/?product=bobina-termica-57x15-maquina-cartao-credito","url":"https:\/\/sistechsoftware.com.br\/?product=bobina-termica-57x15-maquina-cartao-credito","name":"Bobina T\u00e9rmica 57x15 Maquina Cart\u00e3o Credito - sistechsoftware.com.br","isPartOf":{"@id":"https:\/\/sistechsoftware.com.br\/#website"},"primaryImageOfPage":{"@id":"https:\/\/sistechsoftware.com.br\/?product=bobina-termica-57x15-maquina-cartao-credito#primaryimage"},"image":{"@id":"https:\/\/sistechsoftware.com.br\/?product=bobina-termica-57x15-maquina-cartao-credito#primaryimage"},"thumbnailUrl":"https:\/\/sistechsoftware.com.br\/wp-content\/uploads\/2025\/03\/bobina-1.png","datePublished":"2025-03-01T16:26:02+00:00","dateModified":"2025-03-01T16:26:03+00:00","breadcrumb":{"@id":"https:\/\/sistechsoftware.com.br\/?product=bobina-termica-57x15-maquina-cartao-credito#breadcrumb"},"inLanguage":"pt-BR","potentialAction":[{"@type":"ReadAction","target":["https:\/\/sistechsoftware.com.br\/?product=bobina-termica-57x15-maquina-cartao-credito"]}]},{"@type":"ImageObject","inLanguage":"pt-BR","@id":"https:\/\/sistechsoftware.com.br\/?product=bobina-termica-57x15-maquina-cartao-credito#primaryimage","url":"https:\/\/sistechsoftware.com.br\/wp-content\/uploads\/2025\/03\/bobina-1.png","contentUrl":"https:\/\/sistechsoftware.com.br\/wp-content\/uploads\/2025\/03\/bobina-1.png","width":599,"height":695},{"@type":"BreadcrumbList","@id":"https:\/\/sistechsoftware.com.br\/?product=bobina-termica-57x15-maquina-cartao-credito#breadcrumb","itemListElement":[{"@type":"ListItem","position":1,"name":"In\u00edcio","item":"https:\/\/sistechsoftware.com.br\/"},{"@type":"ListItem","position":2,"name":"Shop","item":"https:\/\/sistechsoftware.com.br\/?page_id=544"},{"@type":"ListItem","position":3,"name":"Bobina T\u00e9rmica 57&#215;15 Maquina Cart\u00e3o Credito"}]},{"@type":"WebSite","@id":"https:\/\/sistechsoftware.com.br\/#website","url":"https:\/\/sistechsoftware.com.br\/","name":"sistechsoftware.com.br","description":"","publisher":{"@id":"https:\/\/sistechsoftware.com.br\/#organization"},"potentialAction":[{"@type":"SearchAction","target":{"@type":"EntryPoint","urlTemplate":"https:\/\/sistechsoftware.com.br\/?s={search_term_string}"},"query-input":{"@type":"PropertyValueSpecification","valueRequired":true,"valueName":"search_term_string"}}],"inLanguage":"pt-BR"},{"@type":"Organization","@id":"https:\/\/sistechsoftware.com.br\/#organization","name":"sistechsoftware.com.br","url":"https:\/\/sistechsoftware.com.br\/","logo":{"@type":"ImageObject","inLanguage":"pt-BR","@id":"https:\/\/sistechsoftware.com.br\/#\/schema\/logo\/image\/","url":"https:\/\/sistechsoftware.com.br\/wp-content\/uploads\/2025\/01\/2bc4c4e9-190e-428c-9e8c-abd1d40d431c.png","contentUrl":"https:\/\/sistechsoftware.com.br\/wp-content\/uploads\/2025\/01\/2bc4c4e9-190e-428c-9e8c-abd1d40d431c.png","width":6250,"height":2553,"caption":"sistechsoftware.com.br"},"image":{"@id":"https:\/\/sistechsoftware.com.br\/#\/schema\/logo\/image\/"},"sameAs":["https:\/\/www.facebook.com\/sistechTHE\/","https:\/\/www.instagram.com\/sistechcocais\/"]}]}},"_links":{"self":[{"href":"https:\/\/sistechsoftware.com.br\/index.php?rest_route=\/wp\/v2\/product\/978","targetHints":{"allow":["GET"]}}],"collection":[{"href":"https:\/\/sistechsoftware.com.br\/index.php?rest_route=\/wp\/v2\/product"}],"about":[{"href":"https:\/\/sistechsoftware.com.br\/index.php?rest_route=\/wp\/v2\/types\/product"}],"replies":[{"embeddable":true,"href":"https:\/\/sistechsoftware.com.br\/index.php?rest_route=%2Fwp%2Fv2%2Fcomments&post=978"}],"wp:featuredmedia":[{"embeddable":true,"href":"https:\/\/sistechsoftware.com.br\/index.php?rest_route=\/wp\/v2\/media\/979"}],"wp:attachment":[{"href":"https:\/\/sistechsoftware.com.br\/index.php?rest_route=%2Fwp%2Fv2%2Fmedia&parent=978"}],"wp:term":[{"taxonomy":"product_brand","embeddable":true,"href":"https:\/\/sistechsoftware.com.br\/index.php?rest_route=%2Fwp%2Fv2%2Fproduct_brand&post=978"},{"taxonomy":"product_cat","embeddable":true,"href":"https:\/\/sistechsoftware.com.br\/index.php?rest_route=%2Fwp%2Fv2%2Fproduct_cat&post=978"},{"taxonomy":"product_tag","embeddable":true,"href":"https:\/\/sistechsoftware.com.br\/index.php?rest_route=%2Fwp%2Fv2%2Fproduct_tag&post=978"}],"curies":[{"name":"wp","href":"https:\/\/api.w.org\/{rel}","templated":true}]}}