{"id":971,"date":"2025-03-01T14:47:03","date_gmt":"2025-03-01T14:47:03","guid":{"rendered":"https:\/\/sistechsoftware.com.br\/?post_type=product&#038;p=971"},"modified":"2025-03-01T14:47:03","modified_gmt":"2025-03-01T14:47:03","slug":"suporte-para-leitor-de-codigo-de-barras-gt","status":"publish","type":"product","link":"https:\/\/sistechsoftware.com.br\/?product=suporte-para-leitor-de-codigo-de-barras-gt","title":{"rendered":"Suporte para Leitor de C\u00f3digo de Barras | GT"},"content":{"rendered":"<h2 class=\"ui-pdp-description__title\" data-testid=\"title\">Descri\u00e7\u00e3o<\/h2>\n<p class=\"ui-pdp-description__content\" data-testid=\"content\">Base para Leitor de C\u00f3digo de Barras USB Goldentec, com haste flex\u00edvel, compat\u00edvel com os leitores de c\u00f3digo de barras Goldentec.<\/p>\n<p>Este suporte foi especialmente projetado para trabalhar em harmonia com o Leitor de C\u00f3digo de Barras da Goldentec, proporcionando estabilidade e f\u00e1cil posicionamento durante a leitura.<\/p>\n<p>O suporte permite ajustes precisos da altura e \u00e2ngulo da haste flex\u00edvel do leitor, garantindo um alinhamento perfeito com os c\u00f3digos de barras e minimizando a fadiga do usu\u00e1rio.<\/p>\n<p>Especifica\u00e7\u00f5es T\u00e9cnicas:<\/p>\n<p>Marca: Goldentec<br \/>\nModelo: Base para Leitor de C\u00f3digo de Barras<br \/>\nCor: Preto<br \/>\nMaterial: Pl\u00e1stico<br \/>\nCompat\u00edvel com os Leitores de C\u00f3digo de Barras Goldentec<br \/>\nConex\u00e3o: USB<br \/>\nHaste flex\u00edvel: Sim<br \/>\nDimens\u00f5es: 153mm x 171mm x 270mm<br \/>\nPeso: 194,2g<br \/>\nConte\u00fado da Embalagem: 1 Suporte para Leitor de C\u00f3digo de Barras<\/p>\n<p>Aviso legal<br \/>\n\u2022 A dura\u00e7\u00e3o da bateria depende do uso que se d\u00ea ao produto.<\/p>\n","protected":false},"excerpt":{"rendered":"<p>Descri\u00e7\u00e3o Base para Leitor de C\u00f3digo de Barras USB Goldentec, com haste flex\u00edvel, compat\u00edvel com os leitores de c\u00f3digo de barras Goldentec. Este suporte foi especialmente projetado para trabalhar em harmonia com o Leitor de C\u00f3digo de Barras da Goldentec, proporcionando estabilidade e f\u00e1cil posicionamento durante a leitura. O suporte permite ajustes precisos da altura [&hellip;]<\/p>\n","protected":false},"featured_media":972,"comment_status":"open","ping_status":"closed","template":"","meta":[],"product_brand":[],"product_cat":[33],"product_tag":[66,72],"class_list":{"0":"post-971","1":"product","2":"type-product","3":"status-publish","4":"has-post-thumbnail","6":"product_cat-automacao-comercial","7":"product_tag-automacao","8":"product_tag-leitor","10":"first","11":"instock","12":"shipping-taxable","13":"purchasable","14":"product-type-simple"},"yoast_head":"<!-- This site is optimized with the Yoast SEO plugin v24.7 - https:\/\/yoast.com\/wordpress\/plugins\/seo\/ -->\n<title>Suporte para Leitor de C\u00f3digo de Barras | GT - sistechsoftware.com.br<\/title>\n<meta name=\"robots\" content=\"index, follow, max-snippet:-1, max-image-preview:large, max-video-preview:-1\" \/>\n<link rel=\"canonical\" href=\"https:\/\/sistechsoftware.com.br\/?product=suporte-para-leitor-de-codigo-de-barras-gt\" \/>\n<meta property=\"og:locale\" content=\"pt_BR\" \/>\n<meta property=\"og:type\" content=\"article\" \/>\n<meta property=\"og:title\" content=\"Suporte para Leitor de C\u00f3digo de Barras | GT - sistechsoftware.com.br\" \/>\n<meta property=\"og:description\" content=\"Descri\u00e7\u00e3o Base para Leitor de C\u00f3digo de Barras USB Goldentec, com haste flex\u00edvel, compat\u00edvel com os leitores de c\u00f3digo de barras Goldentec. Este suporte foi especialmente projetado para trabalhar em harmonia com o Leitor de C\u00f3digo de Barras da Goldentec, proporcionando estabilidade e f\u00e1cil posicionamento durante a leitura. O suporte permite ajustes precisos da altura [&hellip;]\" \/>\n<meta property=\"og:url\" content=\"https:\/\/sistechsoftware.com.br\/?product=suporte-para-leitor-de-codigo-de-barras-gt\" \/>\n<meta property=\"og:site_name\" content=\"sistechsoftware.com.br\" \/>\n<meta property=\"article:publisher\" content=\"https:\/\/www.facebook.com\/sistechTHE\/\" \/>\n<meta property=\"og:image\" content=\"https:\/\/sistechsoftware.com.br\/wp-content\/uploads\/2025\/03\/base-leitor.png\" \/>\n\t<meta property=\"og:image:width\" content=\"476\" \/>\n\t<meta property=\"og:image:height\" content=\"695\" \/>\n\t<meta property=\"og:image:type\" content=\"image\/png\" \/>\n<meta name=\"twitter:card\" content=\"summary_large_image\" \/>\n<meta name=\"twitter:label1\" content=\"Est. tempo de leitura\" \/>\n\t<meta name=\"twitter:data1\" content=\"1 minuto\" \/>\n<script type=\"application\/ld+json\" class=\"yoast-schema-graph\">{\"@context\":\"https:\/\/schema.org\",\"@graph\":[{\"@type\":\"WebPage\",\"@id\":\"https:\/\/sistechsoftware.com.br\/?product=suporte-para-leitor-de-codigo-de-barras-gt\",\"url\":\"https:\/\/sistechsoftware.com.br\/?product=suporte-para-leitor-de-codigo-de-barras-gt\",\"name\":\"Suporte para Leitor de C\u00f3digo de Barras | GT - sistechsoftware.com.br\",\"isPartOf\":{\"@id\":\"https:\/\/sistechsoftware.com.br\/#website\"},\"primaryImageOfPage\":{\"@id\":\"https:\/\/sistechsoftware.com.br\/?product=suporte-para-leitor-de-codigo-de-barras-gt#primaryimage\"},\"image\":{\"@id\":\"https:\/\/sistechsoftware.com.br\/?product=suporte-para-leitor-de-codigo-de-barras-gt#primaryimage\"},\"thumbnailUrl\":\"https:\/\/sistechsoftware.com.br\/wp-content\/uploads\/2025\/03\/base-leitor.png\",\"datePublished\":\"2025-03-01T14:47:03+00:00\",\"breadcrumb\":{\"@id\":\"https:\/\/sistechsoftware.com.br\/?product=suporte-para-leitor-de-codigo-de-barras-gt#breadcrumb\"},\"inLanguage\":\"pt-BR\",\"potentialAction\":[{\"@type\":\"ReadAction\",\"target\":[\"https:\/\/sistechsoftware.com.br\/?product=suporte-para-leitor-de-codigo-de-barras-gt\"]}]},{\"@type\":\"ImageObject\",\"inLanguage\":\"pt-BR\",\"@id\":\"https:\/\/sistechsoftware.com.br\/?product=suporte-para-leitor-de-codigo-de-barras-gt#primaryimage\",\"url\":\"https:\/\/sistechsoftware.com.br\/wp-content\/uploads\/2025\/03\/base-leitor.png\",\"contentUrl\":\"https:\/\/sistechsoftware.com.br\/wp-content\/uploads\/2025\/03\/base-leitor.png\",\"width\":476,\"height\":695},{\"@type\":\"BreadcrumbList\",\"@id\":\"https:\/\/sistechsoftware.com.br\/?product=suporte-para-leitor-de-codigo-de-barras-gt#breadcrumb\",\"itemListElement\":[{\"@type\":\"ListItem\",\"position\":1,\"name\":\"In\u00edcio\",\"item\":\"https:\/\/sistechsoftware.com.br\/\"},{\"@type\":\"ListItem\",\"position\":2,\"name\":\"Shop\",\"item\":\"https:\/\/sistechsoftware.com.br\/?page_id=544\"},{\"@type\":\"ListItem\",\"position\":3,\"name\":\"Suporte para Leitor de C\u00f3digo de Barras | GT\"}]},{\"@type\":\"WebSite\",\"@id\":\"https:\/\/sistechsoftware.com.br\/#website\",\"url\":\"https:\/\/sistechsoftware.com.br\/\",\"name\":\"sistechsoftware.com.br\",\"description\":\"\",\"publisher\":{\"@id\":\"https:\/\/sistechsoftware.com.br\/#organization\"},\"potentialAction\":[{\"@type\":\"SearchAction\",\"target\":{\"@type\":\"EntryPoint\",\"urlTemplate\":\"https:\/\/sistechsoftware.com.br\/?s={search_term_string}\"},\"query-input\":{\"@type\":\"PropertyValueSpecification\",\"valueRequired\":true,\"valueName\":\"search_term_string\"}}],\"inLanguage\":\"pt-BR\"},{\"@type\":\"Organization\",\"@id\":\"https:\/\/sistechsoftware.com.br\/#organization\",\"name\":\"sistechsoftware.com.br\",\"url\":\"https:\/\/sistechsoftware.com.br\/\",\"logo\":{\"@type\":\"ImageObject\",\"inLanguage\":\"pt-BR\",\"@id\":\"https:\/\/sistechsoftware.com.br\/#\/schema\/logo\/image\/\",\"url\":\"https:\/\/sistechsoftware.com.br\/wp-content\/uploads\/2025\/01\/2bc4c4e9-190e-428c-9e8c-abd1d40d431c.png\",\"contentUrl\":\"https:\/\/sistechsoftware.com.br\/wp-content\/uploads\/2025\/01\/2bc4c4e9-190e-428c-9e8c-abd1d40d431c.png\",\"width\":6250,\"height\":2553,\"caption\":\"sistechsoftware.com.br\"},\"image\":{\"@id\":\"https:\/\/sistechsoftware.com.br\/#\/schema\/logo\/image\/\"},\"sameAs\":[\"https:\/\/www.facebook.com\/sistechTHE\/\",\"https:\/\/www.instagram.com\/sistechcocais\/\"]}]}<\/script>\n<!-- \/ Yoast SEO plugin. -->","yoast_head_json":{"title":"Suporte para Leitor de C\u00f3digo de Barras | GT - sistechsoftware.com.br","robots":{"index":"index","follow":"follow","max-snippet":"max-snippet:-1","max-image-preview":"max-image-preview:large","max-video-preview":"max-video-preview:-1"},"canonical":"https:\/\/sistechsoftware.com.br\/?product=suporte-para-leitor-de-codigo-de-barras-gt","og_locale":"pt_BR","og_type":"article","og_title":"Suporte para Leitor de C\u00f3digo de Barras | GT - sistechsoftware.com.br","og_description":"Descri\u00e7\u00e3o Base para Leitor de C\u00f3digo de Barras USB Goldentec, com haste flex\u00edvel, compat\u00edvel com os leitores de c\u00f3digo de barras Goldentec. Este suporte foi especialmente projetado para trabalhar em harmonia com o Leitor de C\u00f3digo de Barras da Goldentec, proporcionando estabilidade e f\u00e1cil posicionamento durante a leitura. O suporte permite ajustes precisos da altura [&hellip;]","og_url":"https:\/\/sistechsoftware.com.br\/?product=suporte-para-leitor-de-codigo-de-barras-gt","og_site_name":"sistechsoftware.com.br","article_publisher":"https:\/\/www.facebook.com\/sistechTHE\/","og_image":[{"width":476,"height":695,"url":"https:\/\/sistechsoftware.com.br\/wp-content\/uploads\/2025\/03\/base-leitor.png","type":"image\/png"}],"twitter_card":"summary_large_image","twitter_misc":{"Est. tempo de leitura":"1 minuto"},"schema":{"@context":"https:\/\/schema.org","@graph":[{"@type":"WebPage","@id":"https:\/\/sistechsoftware.com.br\/?product=suporte-para-leitor-de-codigo-de-barras-gt","url":"https:\/\/sistechsoftware.com.br\/?product=suporte-para-leitor-de-codigo-de-barras-gt","name":"Suporte para Leitor de C\u00f3digo de Barras | GT - sistechsoftware.com.br","isPartOf":{"@id":"https:\/\/sistechsoftware.com.br\/#website"},"primaryImageOfPage":{"@id":"https:\/\/sistechsoftware.com.br\/?product=suporte-para-leitor-de-codigo-de-barras-gt#primaryimage"},"image":{"@id":"https:\/\/sistechsoftware.com.br\/?product=suporte-para-leitor-de-codigo-de-barras-gt#primaryimage"},"thumbnailUrl":"https:\/\/sistechsoftware.com.br\/wp-content\/uploads\/2025\/03\/base-leitor.png","datePublished":"2025-03-01T14:47:03+00:00","breadcrumb":{"@id":"https:\/\/sistechsoftware.com.br\/?product=suporte-para-leitor-de-codigo-de-barras-gt#breadcrumb"},"inLanguage":"pt-BR","potentialAction":[{"@type":"ReadAction","target":["https:\/\/sistechsoftware.com.br\/?product=suporte-para-leitor-de-codigo-de-barras-gt"]}]},{"@type":"ImageObject","inLanguage":"pt-BR","@id":"https:\/\/sistechsoftware.com.br\/?product=suporte-para-leitor-de-codigo-de-barras-gt#primaryimage","url":"https:\/\/sistechsoftware.com.br\/wp-content\/uploads\/2025\/03\/base-leitor.png","contentUrl":"https:\/\/sistechsoftware.com.br\/wp-content\/uploads\/2025\/03\/base-leitor.png","width":476,"height":695},{"@type":"BreadcrumbList","@id":"https:\/\/sistechsoftware.com.br\/?product=suporte-para-leitor-de-codigo-de-barras-gt#breadcrumb","itemListElement":[{"@type":"ListItem","position":1,"name":"In\u00edcio","item":"https:\/\/sistechsoftware.com.br\/"},{"@type":"ListItem","position":2,"name":"Shop","item":"https:\/\/sistechsoftware.com.br\/?page_id=544"},{"@type":"ListItem","position":3,"name":"Suporte para Leitor de C\u00f3digo de Barras | GT"}]},{"@type":"WebSite","@id":"https:\/\/sistechsoftware.com.br\/#website","url":"https:\/\/sistechsoftware.com.br\/","name":"sistechsoftware.com.br","description":"","publisher":{"@id":"https:\/\/sistechsoftware.com.br\/#organization"},"potentialAction":[{"@type":"SearchAction","target":{"@type":"EntryPoint","urlTemplate":"https:\/\/sistechsoftware.com.br\/?s={search_term_string}"},"query-input":{"@type":"PropertyValueSpecification","valueRequired":true,"valueName":"search_term_string"}}],"inLanguage":"pt-BR"},{"@type":"Organization","@id":"https:\/\/sistechsoftware.com.br\/#organization","name":"sistechsoftware.com.br","url":"https:\/\/sistechsoftware.com.br\/","logo":{"@type":"ImageObject","inLanguage":"pt-BR","@id":"https:\/\/sistechsoftware.com.br\/#\/schema\/logo\/image\/","url":"https:\/\/sistechsoftware.com.br\/wp-content\/uploads\/2025\/01\/2bc4c4e9-190e-428c-9e8c-abd1d40d431c.png","contentUrl":"https:\/\/sistechsoftware.com.br\/wp-content\/uploads\/2025\/01\/2bc4c4e9-190e-428c-9e8c-abd1d40d431c.png","width":6250,"height":2553,"caption":"sistechsoftware.com.br"},"image":{"@id":"https:\/\/sistechsoftware.com.br\/#\/schema\/logo\/image\/"},"sameAs":["https:\/\/www.facebook.com\/sistechTHE\/","https:\/\/www.instagram.com\/sistechcocais\/"]}]}},"_links":{"self":[{"href":"https:\/\/sistechsoftware.com.br\/index.php?rest_route=\/wp\/v2\/product\/971","targetHints":{"allow":["GET"]}}],"collection":[{"href":"https:\/\/sistechsoftware.com.br\/index.php?rest_route=\/wp\/v2\/product"}],"about":[{"href":"https:\/\/sistechsoftware.com.br\/index.php?rest_route=\/wp\/v2\/types\/product"}],"replies":[{"embeddable":true,"href":"https:\/\/sistechsoftware.com.br\/index.php?rest_route=%2Fwp%2Fv2%2Fcomments&post=971"}],"wp:featuredmedia":[{"embeddable":true,"href":"https:\/\/sistechsoftware.com.br\/index.php?rest_route=\/wp\/v2\/media\/972"}],"wp:attachment":[{"href":"https:\/\/sistechsoftware.com.br\/index.php?rest_route=%2Fwp%2Fv2%2Fmedia&parent=971"}],"wp:term":[{"taxonomy":"product_brand","embeddable":true,"href":"https:\/\/sistechsoftware.com.br\/index.php?rest_route=%2Fwp%2Fv2%2Fproduct_brand&post=971"},{"taxonomy":"product_cat","embeddable":true,"href":"https:\/\/sistechsoftware.com.br\/index.php?rest_route=%2Fwp%2Fv2%2Fproduct_cat&post=971"},{"taxonomy":"product_tag","embeddable":true,"href":"https:\/\/sistechsoftware.com.br\/index.php?rest_route=%2Fwp%2Fv2%2Fproduct_tag&post=971"}],"curies":[{"name":"wp","href":"https:\/\/api.w.org\/{rel}","templated":true}]}}