{"id":964,"date":"2025-03-01T14:33:24","date_gmt":"2025-03-01T14:33:24","guid":{"rendered":"https:\/\/sistechsoftware.com.br\/?post_type=product&#038;p=964"},"modified":"2025-03-01T14:33:24","modified_gmt":"2025-03-01T14:33:24","slug":"mouse-optico-com-fio-usb-goldentec","status":"publish","type":"product","link":"https:\/\/sistechsoftware.com.br\/?product=mouse-optico-com-fio-usb-goldentec","title":{"rendered":"Mouse \u00d3ptico Com Fio Usb | Goldentec"},"content":{"rendered":"<h2 class=\"ui-pdp-description__title\" data-testid=\"title\">Descri\u00e7\u00e3o<\/h2>\n<p class=\"ui-pdp-description__content\" data-testid=\"content\">Mouse \u00d3ptico USB com design compacto, ideal para uso di\u00e1rio. Suas dimens\u00f5es facilitam o transporte, sendo um \u00f3timo companheiro para o Notebook. Possui 2 bot\u00f5es e fun\u00e7\u00e3o scroll, auxiliando na navega\u00e7\u00e3o e rolagem de p\u00e1ginas e documentos.<\/p>\n<p>O mouse \u00d3ptico da Goldentec oferece conforto e durabilidade, com design que se encaixa perfeitamente na palma da m\u00e3o, garantindo maior conforto durante o uso.<\/p>\n<p>O sistema de detec\u00e7\u00e3o de movimento \u00f3ptico permite mover o cursor de forma precisa e sens\u00edvel.<\/p>\n<p><strong>Especifica\u00e7\u00f5es T\u00e9cnicas:<\/strong><\/p>\n<p>Marca: Goldentec<br \/>\nBot\u00f5es: 2 Bot\u00f5es + Scroll<br \/>\nSensor: \u00d3ptico<br \/>\nResolu\u00e7\u00e3o: 1200 DPI<br \/>\nInterface: USB com fio<br \/>\nDimens\u00f5es: 5,5 x 9,5 x 3,3 cm<br \/>\nCompatibilidade: Windows, MacOS e Linux<br \/>\nConte\u00fado da Embalagem: 1x Mouse<br \/>\nConex\u00e3o: Com Fio USB<br \/>\nSensor \u00d3ptico<br \/>\nCor: Preto<br \/>\nQuantidade de bot\u00f5es: 2 bot\u00f5es<br \/>\nIlumina\u00e7\u00e3o: LED<br \/>\nTipo: Compacto<br \/>\nFinalidade: Para Estudos e Escrit\u00f3rio<\/p>\n","protected":false},"excerpt":{"rendered":"<p>Descri\u00e7\u00e3o Mouse \u00d3ptico USB com design compacto, ideal para uso di\u00e1rio. Suas dimens\u00f5es facilitam o transporte, sendo um \u00f3timo companheiro para o Notebook. Possui 2 bot\u00f5es e fun\u00e7\u00e3o scroll, auxiliando na navega\u00e7\u00e3o e rolagem de p\u00e1ginas e documentos. O mouse \u00d3ptico da Goldentec oferece conforto e durabilidade, com design que se encaixa perfeitamente na palma [&hellip;]<\/p>\n","protected":false},"featured_media":948,"comment_status":"open","ping_status":"closed","template":"","meta":[],"product_brand":[],"product_cat":[32],"product_tag":[70],"class_list":{"0":"post-964","1":"product","2":"type-product","3":"status-publish","4":"has-post-thumbnail","6":"product_cat-acessorios-e-suprimentos","7":"product_tag-mouse","9":"first","10":"instock","11":"shipping-taxable","12":"purchasable","13":"product-type-simple"},"yoast_head":"<!-- This site is optimized with the Yoast SEO plugin v24.7 - https:\/\/yoast.com\/wordpress\/plugins\/seo\/ -->\n<title>Mouse \u00d3ptico Com Fio Usb | Goldentec - sistechsoftware.com.br<\/title>\n<meta name=\"robots\" content=\"index, follow, max-snippet:-1, max-image-preview:large, max-video-preview:-1\" \/>\n<link rel=\"canonical\" href=\"https:\/\/sistechsoftware.com.br\/?product=mouse-optico-com-fio-usb-goldentec\" \/>\n<meta property=\"og:locale\" content=\"pt_BR\" \/>\n<meta property=\"og:type\" content=\"article\" \/>\n<meta property=\"og:title\" content=\"Mouse \u00d3ptico Com Fio Usb | Goldentec - sistechsoftware.com.br\" \/>\n<meta property=\"og:description\" content=\"Descri\u00e7\u00e3o Mouse \u00d3ptico USB com design compacto, ideal para uso di\u00e1rio. Suas dimens\u00f5es facilitam o transporte, sendo um \u00f3timo companheiro para o Notebook. Possui 2 bot\u00f5es e fun\u00e7\u00e3o scroll, auxiliando na navega\u00e7\u00e3o e rolagem de p\u00e1ginas e documentos. O mouse \u00d3ptico da Goldentec oferece conforto e durabilidade, com design que se encaixa perfeitamente na palma [&hellip;]\" \/>\n<meta property=\"og:url\" content=\"https:\/\/sistechsoftware.com.br\/?product=mouse-optico-com-fio-usb-goldentec\" \/>\n<meta property=\"og:site_name\" content=\"sistechsoftware.com.br\" \/>\n<meta property=\"article:publisher\" content=\"https:\/\/www.facebook.com\/sistechTHE\/\" \/>\n<meta property=\"og:image\" content=\"https:\/\/sistechsoftware.com.br\/wp-content\/uploads\/2025\/03\/mouse.png\" \/>\n\t<meta property=\"og:image:width\" content=\"886\" \/>\n\t<meta property=\"og:image:height\" content=\"698\" \/>\n\t<meta property=\"og:image:type\" content=\"image\/png\" \/>\n<meta name=\"twitter:card\" content=\"summary_large_image\" \/>\n<meta name=\"twitter:label1\" content=\"Est. tempo de leitura\" \/>\n\t<meta name=\"twitter:data1\" content=\"1 minuto\" \/>\n<script type=\"application\/ld+json\" class=\"yoast-schema-graph\">{\"@context\":\"https:\/\/schema.org\",\"@graph\":[{\"@type\":\"WebPage\",\"@id\":\"https:\/\/sistechsoftware.com.br\/?product=mouse-optico-com-fio-usb-goldentec\",\"url\":\"https:\/\/sistechsoftware.com.br\/?product=mouse-optico-com-fio-usb-goldentec\",\"name\":\"Mouse \u00d3ptico Com Fio Usb | Goldentec - sistechsoftware.com.br\",\"isPartOf\":{\"@id\":\"https:\/\/sistechsoftware.com.br\/#website\"},\"primaryImageOfPage\":{\"@id\":\"https:\/\/sistechsoftware.com.br\/?product=mouse-optico-com-fio-usb-goldentec#primaryimage\"},\"image\":{\"@id\":\"https:\/\/sistechsoftware.com.br\/?product=mouse-optico-com-fio-usb-goldentec#primaryimage\"},\"thumbnailUrl\":\"https:\/\/sistechsoftware.com.br\/wp-content\/uploads\/2025\/03\/mouse.png\",\"datePublished\":\"2025-03-01T14:33:24+00:00\",\"breadcrumb\":{\"@id\":\"https:\/\/sistechsoftware.com.br\/?product=mouse-optico-com-fio-usb-goldentec#breadcrumb\"},\"inLanguage\":\"pt-BR\",\"potentialAction\":[{\"@type\":\"ReadAction\",\"target\":[\"https:\/\/sistechsoftware.com.br\/?product=mouse-optico-com-fio-usb-goldentec\"]}]},{\"@type\":\"ImageObject\",\"inLanguage\":\"pt-BR\",\"@id\":\"https:\/\/sistechsoftware.com.br\/?product=mouse-optico-com-fio-usb-goldentec#primaryimage\",\"url\":\"https:\/\/sistechsoftware.com.br\/wp-content\/uploads\/2025\/03\/mouse.png\",\"contentUrl\":\"https:\/\/sistechsoftware.com.br\/wp-content\/uploads\/2025\/03\/mouse.png\",\"width\":886,\"height\":698},{\"@type\":\"BreadcrumbList\",\"@id\":\"https:\/\/sistechsoftware.com.br\/?product=mouse-optico-com-fio-usb-goldentec#breadcrumb\",\"itemListElement\":[{\"@type\":\"ListItem\",\"position\":1,\"name\":\"In\u00edcio\",\"item\":\"https:\/\/sistechsoftware.com.br\/\"},{\"@type\":\"ListItem\",\"position\":2,\"name\":\"Shop\",\"item\":\"https:\/\/sistechsoftware.com.br\/?page_id=544\"},{\"@type\":\"ListItem\",\"position\":3,\"name\":\"Mouse \u00d3ptico Com Fio Usb | Goldentec\"}]},{\"@type\":\"WebSite\",\"@id\":\"https:\/\/sistechsoftware.com.br\/#website\",\"url\":\"https:\/\/sistechsoftware.com.br\/\",\"name\":\"sistechsoftware.com.br\",\"description\":\"\",\"publisher\":{\"@id\":\"https:\/\/sistechsoftware.com.br\/#organization\"},\"potentialAction\":[{\"@type\":\"SearchAction\",\"target\":{\"@type\":\"EntryPoint\",\"urlTemplate\":\"https:\/\/sistechsoftware.com.br\/?s={search_term_string}\"},\"query-input\":{\"@type\":\"PropertyValueSpecification\",\"valueRequired\":true,\"valueName\":\"search_term_string\"}}],\"inLanguage\":\"pt-BR\"},{\"@type\":\"Organization\",\"@id\":\"https:\/\/sistechsoftware.com.br\/#organization\",\"name\":\"sistechsoftware.com.br\",\"url\":\"https:\/\/sistechsoftware.com.br\/\",\"logo\":{\"@type\":\"ImageObject\",\"inLanguage\":\"pt-BR\",\"@id\":\"https:\/\/sistechsoftware.com.br\/#\/schema\/logo\/image\/\",\"url\":\"https:\/\/sistechsoftware.com.br\/wp-content\/uploads\/2025\/01\/2bc4c4e9-190e-428c-9e8c-abd1d40d431c.png\",\"contentUrl\":\"https:\/\/sistechsoftware.com.br\/wp-content\/uploads\/2025\/01\/2bc4c4e9-190e-428c-9e8c-abd1d40d431c.png\",\"width\":6250,\"height\":2553,\"caption\":\"sistechsoftware.com.br\"},\"image\":{\"@id\":\"https:\/\/sistechsoftware.com.br\/#\/schema\/logo\/image\/\"},\"sameAs\":[\"https:\/\/www.facebook.com\/sistechTHE\/\",\"https:\/\/www.instagram.com\/sistechcocais\/\"]}]}<\/script>\n<!-- \/ Yoast SEO plugin. -->","yoast_head_json":{"title":"Mouse \u00d3ptico Com Fio Usb | Goldentec - sistechsoftware.com.br","robots":{"index":"index","follow":"follow","max-snippet":"max-snippet:-1","max-image-preview":"max-image-preview:large","max-video-preview":"max-video-preview:-1"},"canonical":"https:\/\/sistechsoftware.com.br\/?product=mouse-optico-com-fio-usb-goldentec","og_locale":"pt_BR","og_type":"article","og_title":"Mouse \u00d3ptico Com Fio Usb | Goldentec - sistechsoftware.com.br","og_description":"Descri\u00e7\u00e3o Mouse \u00d3ptico USB com design compacto, ideal para uso di\u00e1rio. Suas dimens\u00f5es facilitam o transporte, sendo um \u00f3timo companheiro para o Notebook. Possui 2 bot\u00f5es e fun\u00e7\u00e3o scroll, auxiliando na navega\u00e7\u00e3o e rolagem de p\u00e1ginas e documentos. O mouse \u00d3ptico da Goldentec oferece conforto e durabilidade, com design que se encaixa perfeitamente na palma [&hellip;]","og_url":"https:\/\/sistechsoftware.com.br\/?product=mouse-optico-com-fio-usb-goldentec","og_site_name":"sistechsoftware.com.br","article_publisher":"https:\/\/www.facebook.com\/sistechTHE\/","og_image":[{"width":886,"height":698,"url":"https:\/\/sistechsoftware.com.br\/wp-content\/uploads\/2025\/03\/mouse.png","type":"image\/png"}],"twitter_card":"summary_large_image","twitter_misc":{"Est. tempo de leitura":"1 minuto"},"schema":{"@context":"https:\/\/schema.org","@graph":[{"@type":"WebPage","@id":"https:\/\/sistechsoftware.com.br\/?product=mouse-optico-com-fio-usb-goldentec","url":"https:\/\/sistechsoftware.com.br\/?product=mouse-optico-com-fio-usb-goldentec","name":"Mouse \u00d3ptico Com Fio Usb | Goldentec - sistechsoftware.com.br","isPartOf":{"@id":"https:\/\/sistechsoftware.com.br\/#website"},"primaryImageOfPage":{"@id":"https:\/\/sistechsoftware.com.br\/?product=mouse-optico-com-fio-usb-goldentec#primaryimage"},"image":{"@id":"https:\/\/sistechsoftware.com.br\/?product=mouse-optico-com-fio-usb-goldentec#primaryimage"},"thumbnailUrl":"https:\/\/sistechsoftware.com.br\/wp-content\/uploads\/2025\/03\/mouse.png","datePublished":"2025-03-01T14:33:24+00:00","breadcrumb":{"@id":"https:\/\/sistechsoftware.com.br\/?product=mouse-optico-com-fio-usb-goldentec#breadcrumb"},"inLanguage":"pt-BR","potentialAction":[{"@type":"ReadAction","target":["https:\/\/sistechsoftware.com.br\/?product=mouse-optico-com-fio-usb-goldentec"]}]},{"@type":"ImageObject","inLanguage":"pt-BR","@id":"https:\/\/sistechsoftware.com.br\/?product=mouse-optico-com-fio-usb-goldentec#primaryimage","url":"https:\/\/sistechsoftware.com.br\/wp-content\/uploads\/2025\/03\/mouse.png","contentUrl":"https:\/\/sistechsoftware.com.br\/wp-content\/uploads\/2025\/03\/mouse.png","width":886,"height":698},{"@type":"BreadcrumbList","@id":"https:\/\/sistechsoftware.com.br\/?product=mouse-optico-com-fio-usb-goldentec#breadcrumb","itemListElement":[{"@type":"ListItem","position":1,"name":"In\u00edcio","item":"https:\/\/sistechsoftware.com.br\/"},{"@type":"ListItem","position":2,"name":"Shop","item":"https:\/\/sistechsoftware.com.br\/?page_id=544"},{"@type":"ListItem","position":3,"name":"Mouse \u00d3ptico Com Fio Usb | Goldentec"}]},{"@type":"WebSite","@id":"https:\/\/sistechsoftware.com.br\/#website","url":"https:\/\/sistechsoftware.com.br\/","name":"sistechsoftware.com.br","description":"","publisher":{"@id":"https:\/\/sistechsoftware.com.br\/#organization"},"potentialAction":[{"@type":"SearchAction","target":{"@type":"EntryPoint","urlTemplate":"https:\/\/sistechsoftware.com.br\/?s={search_term_string}"},"query-input":{"@type":"PropertyValueSpecification","valueRequired":true,"valueName":"search_term_string"}}],"inLanguage":"pt-BR"},{"@type":"Organization","@id":"https:\/\/sistechsoftware.com.br\/#organization","name":"sistechsoftware.com.br","url":"https:\/\/sistechsoftware.com.br\/","logo":{"@type":"ImageObject","inLanguage":"pt-BR","@id":"https:\/\/sistechsoftware.com.br\/#\/schema\/logo\/image\/","url":"https:\/\/sistechsoftware.com.br\/wp-content\/uploads\/2025\/01\/2bc4c4e9-190e-428c-9e8c-abd1d40d431c.png","contentUrl":"https:\/\/sistechsoftware.com.br\/wp-content\/uploads\/2025\/01\/2bc4c4e9-190e-428c-9e8c-abd1d40d431c.png","width":6250,"height":2553,"caption":"sistechsoftware.com.br"},"image":{"@id":"https:\/\/sistechsoftware.com.br\/#\/schema\/logo\/image\/"},"sameAs":["https:\/\/www.facebook.com\/sistechTHE\/","https:\/\/www.instagram.com\/sistechcocais\/"]}]}},"_links":{"self":[{"href":"https:\/\/sistechsoftware.com.br\/index.php?rest_route=\/wp\/v2\/product\/964","targetHints":{"allow":["GET"]}}],"collection":[{"href":"https:\/\/sistechsoftware.com.br\/index.php?rest_route=\/wp\/v2\/product"}],"about":[{"href":"https:\/\/sistechsoftware.com.br\/index.php?rest_route=\/wp\/v2\/types\/product"}],"replies":[{"embeddable":true,"href":"https:\/\/sistechsoftware.com.br\/index.php?rest_route=%2Fwp%2Fv2%2Fcomments&post=964"}],"wp:featuredmedia":[{"embeddable":true,"href":"https:\/\/sistechsoftware.com.br\/index.php?rest_route=\/wp\/v2\/media\/948"}],"wp:attachment":[{"href":"https:\/\/sistechsoftware.com.br\/index.php?rest_route=%2Fwp%2Fv2%2Fmedia&parent=964"}],"wp:term":[{"taxonomy":"product_brand","embeddable":true,"href":"https:\/\/sistechsoftware.com.br\/index.php?rest_route=%2Fwp%2Fv2%2Fproduct_brand&post=964"},{"taxonomy":"product_cat","embeddable":true,"href":"https:\/\/sistechsoftware.com.br\/index.php?rest_route=%2Fwp%2Fv2%2Fproduct_cat&post=964"},{"taxonomy":"product_tag","embeddable":true,"href":"https:\/\/sistechsoftware.com.br\/index.php?rest_route=%2Fwp%2Fv2%2Fproduct_tag&post=964"}],"curies":[{"name":"wp","href":"https:\/\/api.w.org\/{rel}","templated":true}]}}