{"id":957,"date":"2025-03-01T14:25:51","date_gmt":"2025-03-01T14:25:51","guid":{"rendered":"https:\/\/sistechsoftware.com.br\/?post_type=product&#038;p=957"},"modified":"2025-03-01T14:25:51","modified_gmt":"2025-03-01T14:25:51","slug":"monitor-office-20-tcn-led-hd-60hz-hdmi-vga","status":"publish","type":"product","link":"https:\/\/sistechsoftware.com.br\/?product=monitor-office-20-tcn-led-hd-60hz-hdmi-vga","title":{"rendered":"Monitor Office 20 Tcn Led Hd 60hz Hdmi Vga"},"content":{"rendered":"<div class=\"ui-pdp-container__row ui-pdp-container__row--highlighted-specs-title\">\n<h2 class=\"ui-vpp-text-alignment--left ui-pdp-color--BLACK ui-pdp-size--XLARGE ui-pdp-family--REGULAR highlighted-specs-title\">Caracter\u00edsticas do produto<\/h2>\n<\/div>\n<div class=\"ui-pdp-container__row ui-pdp-container__row--technical-specifications\">\n<div class=\"ui-pdp-collapsable ui-vpp-highlighted-specs__striped-collapsed__action\">\n<div class=\"ui-pdp-collapsable__container\">\n<div class=\"ui-vpp-highlighted-specs__striped-specs\">\n<div class=\"ui-vpp-striped-specs\">\n<div class=\"ui-vpp-striped-specs__table\">\n<h3 class=\"ui-vpp-striped-specs__header\">Caracter\u00edsticas gerais<\/h3>\n<table class=\"andes-table\">\n<tbody class=\"andes-table__body\">\n<tr class=\"andes-table__row ui-vpp-striped-specs__row\">\n<th class=\"andes-table__header andes-table__header--left ui-vpp-striped-specs__row__column ui-vpp-striped-specs__row__column--id\" scope=\"row\">\n<div class=\"andes-table__header__container\">Marca<\/div>\n<\/th>\n<td id=\":R197ilpakkvm:\" class=\"andes-table__column andes-table__column--left andes-table__column--vertical-align-center ui-vpp-striped-specs__row__column\"><span id=\":R197ilpakkvm:-value\" class=\"andes-table__column--value\">TCN<\/span><\/td>\n<\/tr>\n<tr class=\"andes-table__row ui-vpp-striped-specs__row\">\n<th class=\"andes-table__header andes-table__header--left ui-vpp-striped-specs__row__column ui-vpp-striped-specs__row__column--id\" scope=\"row\">\n<div class=\"andes-table__header__container\">Linha<\/div>\n<\/th>\n<td id=\":R19bilpakkvm:\" class=\"andes-table__column andes-table__column--left andes-table__column--vertical-align-center ui-vpp-striped-specs__row__column\"><span id=\":R19bilpakkvm:-value\" class=\"andes-table__column--value\">Monitor<\/span><\/td>\n<\/tr>\n<tr class=\"andes-table__row ui-vpp-striped-specs__row\">\n<th class=\"andes-table__header andes-table__header--left ui-vpp-striped-specs__row__column ui-vpp-striped-specs__row__column--id\" scope=\"row\">\n<div class=\"andes-table__header__container\">Modelo<\/div>\n<\/th>\n<td id=\":R19filpakkvm:\" class=\"andes-table__column andes-table__column--left andes-table__column--vertical-align-center ui-vpp-striped-specs__row__column\"><span id=\":R19filpakkvm:-value\" class=\"andes-table__column--value\">Office<\/span><\/td>\n<\/tr>\n<tr class=\"andes-table__row ui-vpp-striped-specs__row\">\n<th class=\"andes-table__header andes-table__header--left ui-vpp-striped-specs__row__column ui-vpp-striped-specs__row__column--id\" scope=\"row\">\n<div class=\"andes-table__header__container\">Modelo alfanum\u00e9rico<\/div>\n<\/th>\n<td id=\":R19jilpakkvm:\" class=\"andes-table__column andes-table__column--left andes-table__column--vertical-align-center ui-vpp-striped-specs__row__column\"><span id=\":R19jilpakkvm:-value\" class=\"andes-table__column--value\">Office<\/span><\/td>\n<\/tr>\n<tr class=\"andes-table__row ui-vpp-striped-specs__row\">\n<th class=\"andes-table__header andes-table__header--left ui-vpp-striped-specs__row__column ui-vpp-striped-specs__row__column--id\" scope=\"row\">\n<div class=\"andes-table__header__container\">Cor<\/div>\n<\/th>\n<td id=\":R19nilpakkvm:\" class=\"andes-table__column andes-table__column--left andes-table__column--vertical-align-center ui-vpp-striped-specs__row__column\"><span id=\":R19nilpakkvm:-value\" class=\"andes-table__column--value\">Preto<\/span><\/td>\n<\/tr>\n<tr class=\"andes-table__row ui-vpp-striped-specs__row\">\n<th class=\"andes-table__header andes-table__header--left ui-vpp-striped-specs__row__column ui-vpp-striped-specs__row__column--id\" scope=\"row\">\n<div class=\"andes-table__header__container\">Voltagem<\/div>\n<\/th>\n<td id=\":R19rilpakkvm:\" class=\"andes-table__column andes-table__column--left andes-table__column--vertical-align-center ui-vpp-striped-specs__row__column\"><span id=\":R19rilpakkvm:-value\" class=\"andes-table__column--value\">127\/220V<\/span><\/td>\n<\/tr>\n<\/tbody>\n<\/table>\n<\/div>\n<div class=\"ui-vpp-striped-specs__table\">\n<h3 class=\"ui-vpp-striped-specs__header\">Especifica\u00e7\u00f5es<\/h3>\n<table class=\"andes-table\">\n<tbody class=\"andes-table__body\">\n<tr class=\"andes-table__row ui-vpp-striped-specs__row\">\n<th class=\"andes-table__header andes-table__header--left ui-vpp-striped-specs__row__column ui-vpp-striped-specs__row__column--id\" scope=\"row\">\n<div class=\"andes-table__header__container\">\u00c9 gamer<\/div>\n<\/th>\n<td id=\":Rafklpakkvm:\" class=\"andes-table__column andes-table__column--left andes-table__column--vertical-align-center ui-vpp-striped-specs__row__column\"><span id=\":Rafklpakkvm:-value\" class=\"andes-table__column--value\">N\u00e3o<\/span><\/td>\n<\/tr>\n<\/tbody>\n<\/table>\n<\/div>\n<\/div>\n<div class=\"ui-vpp-striped-specs\">\n<div class=\"ui-vpp-striped-specs__table\">\n<h3 class=\"ui-vpp-striped-specs__header\">Tela<\/h3>\n<table class=\"andes-table\">\n<tbody class=\"andes-table__body\">\n<tr class=\"andes-table__row ui-vpp-striped-specs__row\">\n<th class=\"andes-table__header andes-table__header--left ui-vpp-striped-specs__row__column ui-vpp-striped-specs__row__column--id\" scope=\"row\">\n<div class=\"andes-table__header__container\">Tamanho da tela<\/div>\n<\/th>\n<td id=\":R197j5pakkvm:\" class=\"andes-table__column andes-table__column--left andes-table__column--vertical-align-center ui-vpp-striped-specs__row__column\"><span id=\":R197j5pakkvm:-value\" class=\"andes-table__column--value\">20 &#8220;<\/span><\/td>\n<\/tr>\n<tr class=\"andes-table__row ui-vpp-striped-specs__row\">\n<th class=\"andes-table__header andes-table__header--left ui-vpp-striped-specs__row__column ui-vpp-striped-specs__row__column--id\" scope=\"row\">\n<div class=\"andes-table__header__container\">Tipo de tela<\/div>\n<\/th>\n<td id=\":R19bj5pakkvm:\" class=\"andes-table__column andes-table__column--left andes-table__column--vertical-align-center ui-vpp-striped-specs__row__column\"><span id=\":R19bj5pakkvm:-value\" class=\"andes-table__column--value\">LED<\/span><\/td>\n<\/tr>\n<tr class=\"andes-table__row ui-vpp-striped-specs__row\">\n<th class=\"andes-table__header andes-table__header--left ui-vpp-striped-specs__row__column ui-vpp-striped-specs__row__column--id\" scope=\"row\">\n<div class=\"andes-table__header__container\">Tipo de resolu\u00e7\u00e3o<\/div>\n<\/th>\n<td id=\":R19fj5pakkvm:\" class=\"andes-table__column andes-table__column--left andes-table__column--vertical-align-center ui-vpp-striped-specs__row__column\"><span id=\":R19fj5pakkvm:-value\" class=\"andes-table__column--value\">HD<\/span><\/td>\n<\/tr>\n<tr class=\"andes-table__row ui-vpp-striped-specs__row\">\n<th class=\"andes-table__header andes-table__header--left ui-vpp-striped-specs__row__column ui-vpp-striped-specs__row__column--id\" scope=\"row\">\n<div class=\"andes-table__header__container\">Taxa de atualiza\u00e7\u00e3o recomendada<\/div>\n<\/th>\n<td id=\":R19jj5pakkvm:\" class=\"andes-table__column andes-table__column--left andes-table__column--vertical-align-center ui-vpp-striped-specs__row__column\"><span id=\":R19jj5pakkvm:-value\" class=\"andes-table__column--value\">60 Hz<\/span><\/td>\n<\/tr>\n<\/tbody>\n<\/table>\n<\/div>\n<div class=\"ui-vpp-striped-specs__table\">\n<h3 class=\"ui-vpp-striped-specs__header\">Conectividade<\/h3>\n<table class=\"andes-table\">\n<tbody class=\"andes-table__body\">\n<tr class=\"andes-table__row ui-vpp-striped-specs__row\">\n<th class=\"andes-table__header andes-table__header--left ui-vpp-striped-specs__row__column ui-vpp-striped-specs__row__column--id\" scope=\"row\">\n<div class=\"andes-table__header__container\">Conex\u00f5es do monitor do computador<\/div>\n<\/th>\n<td id=\":Rknl5pakkvm:\" class=\"andes-table__column andes-table__column--left andes-table__column--vertical-align-center ui-vpp-striped-specs__row__column\"><span id=\":Rknl5pakkvm:-value\" class=\"andes-table__column--value\">HDMI<\/span><\/td>\n<\/tr>\n<tr class=\"andes-table__row ui-vpp-striped-specs__row\">\n<th class=\"andes-table__header andes-table__header--left ui-vpp-striped-specs__row__column ui-vpp-striped-specs__row__column--id\" scope=\"row\">\n<div class=\"andes-table__header__container\">Cabos inclu\u00eddos<\/div>\n<\/th>\n<td id=\":Rkrl5pakkvm:\" class=\"andes-table__column andes-table__column--left andes-table__column--vertical-align-center ui-vpp-striped-specs__row__column\"><span id=\":Rkrl5pakkvm:-value\" class=\"andes-table__column--value\">HDMI<\/span><\/td>\n<\/tr>\n<\/tbody>\n<\/table>\n<h2 class=\"ui-pdp-description__title\" data-testid=\"title\">Descri\u00e7\u00e3o<\/h2>\n<p class=\"ui-pdp-description__content\" data-testid=\"content\">Monitor Office 20&#8243; TCN com tela Flat LED HD, tempo de resposta de 5ms, 60Hz de taxa de atualiza\u00e7\u00e3o com conex\u00f5es HDMI e VGA.<\/p>\n<p><strong>Especifica\u00e7\u00f5es T\u00e9cnicas:<\/strong><\/p>\n<p>Marca: TCN<br \/>\nModelo: Office<br \/>\nTamanho da tela: 20&#8243;<br \/>\nTipo de Painel: TN<br \/>\nResolu\u00e7\u00e3o: 1600&#215;900 (HD)<br \/>\nTempo de resposta: 5ms<br \/>\nBrilho: 230cd\/m\u00b2<br \/>\nContraste: 3000:1<br \/>\n\u00c2ngulo de vis\u00e3o: 178\u00b0(V)\/178\u00b0(H)<br \/>\nCores: 16.7 milh\u00f5es<br \/>\nInclina\u00e7\u00e3o Ajust\u00e1vel: Sim, de 15\u00b0<br \/>\nConex\u00f5es: 1 HDMI + 1 VGA<br \/>\nTipo de uso: Office<br \/>\nTipo de tela: LED<br \/>\nCurvatura da tela: Flat<br \/>\nTaxa de atualiza\u00e7\u00e3o: 60Hz<br \/>\nEstrutura: Padr\u00e3o<br \/>\nVoltagem: Bivolt<br \/>\nPeso: 2,8kg<br \/>\nDimens\u00e3o: 476mm x 153mm x 358mm<br \/>\nConte\u00fado da embalagem: Monitor + Cabo HDMI + Cabo de Energia + Manual<\/p>\n<\/div>\n<\/div>\n<\/div>\n<\/div>\n<\/div>\n<\/div>\n","protected":false},"excerpt":{"rendered":"<p>Caracter\u00edsticas do produto Caracter\u00edsticas gerais Marca TCN Linha Monitor Modelo Office Modelo alfanum\u00e9rico Office Cor Preto Voltagem 127\/220V Especifica\u00e7\u00f5es \u00c9 gamer N\u00e3o Tela Tamanho da tela 20 &#8220; Tipo de tela LED Tipo de resolu\u00e7\u00e3o HD Taxa de atualiza\u00e7\u00e3o recomendada 60 Hz Conectividade Conex\u00f5es do monitor do computador HDMI Cabos inclu\u00eddos HDMI Descri\u00e7\u00e3o Monitor Office [&hellip;]<\/p>\n","protected":false},"featured_media":958,"comment_status":"open","ping_status":"closed","template":"","meta":[],"product_brand":[],"product_cat":[67],"product_tag":[68],"class_list":{"0":"post-957","1":"product","2":"type-product","3":"status-publish","4":"has-post-thumbnail","6":"product_cat-monitores","7":"product_tag-monitor","9":"first","10":"instock","11":"shipping-taxable","12":"purchasable","13":"product-type-simple"},"yoast_head":"<!-- This site is optimized with the Yoast SEO plugin v24.7 - https:\/\/yoast.com\/wordpress\/plugins\/seo\/ -->\n<title>Monitor Office 20 Tcn Led Hd 60hz Hdmi Vga - sistechsoftware.com.br<\/title>\n<meta name=\"robots\" content=\"index, follow, max-snippet:-1, max-image-preview:large, max-video-preview:-1\" \/>\n<link rel=\"canonical\" href=\"https:\/\/sistechsoftware.com.br\/?product=monitor-office-20-tcn-led-hd-60hz-hdmi-vga\" \/>\n<meta property=\"og:locale\" content=\"pt_BR\" \/>\n<meta property=\"og:type\" content=\"article\" \/>\n<meta property=\"og:title\" content=\"Monitor Office 20 Tcn Led Hd 60hz Hdmi Vga - sistechsoftware.com.br\" \/>\n<meta property=\"og:description\" content=\"Caracter\u00edsticas do produto Caracter\u00edsticas gerais Marca TCN Linha Monitor Modelo Office Modelo alfanum\u00e9rico Office Cor Preto Voltagem 127\/220V Especifica\u00e7\u00f5es \u00c9 gamer N\u00e3o Tela Tamanho da tela 20 &#8220; Tipo de tela LED Tipo de resolu\u00e7\u00e3o HD Taxa de atualiza\u00e7\u00e3o recomendada 60 Hz Conectividade Conex\u00f5es do monitor do computador HDMI Cabos inclu\u00eddos HDMI Descri\u00e7\u00e3o Monitor Office [&hellip;]\" \/>\n<meta property=\"og:url\" content=\"https:\/\/sistechsoftware.com.br\/?product=monitor-office-20-tcn-led-hd-60hz-hdmi-vga\" \/>\n<meta property=\"og:site_name\" content=\"sistechsoftware.com.br\" \/>\n<meta property=\"article:publisher\" content=\"https:\/\/www.facebook.com\/sistechTHE\/\" \/>\n<meta property=\"og:image\" content=\"https:\/\/sistechsoftware.com.br\/wp-content\/uploads\/2025\/03\/monitor-1.png\" \/>\n\t<meta property=\"og:image:width\" content=\"738\" \/>\n\t<meta property=\"og:image:height\" content=\"697\" \/>\n\t<meta property=\"og:image:type\" content=\"image\/png\" \/>\n<meta name=\"twitter:card\" content=\"summary_large_image\" \/>\n<meta name=\"twitter:label1\" content=\"Est. tempo de leitura\" \/>\n\t<meta name=\"twitter:data1\" content=\"1 minuto\" \/>\n<script type=\"application\/ld+json\" class=\"yoast-schema-graph\">{\"@context\":\"https:\/\/schema.org\",\"@graph\":[{\"@type\":\"WebPage\",\"@id\":\"https:\/\/sistechsoftware.com.br\/?product=monitor-office-20-tcn-led-hd-60hz-hdmi-vga\",\"url\":\"https:\/\/sistechsoftware.com.br\/?product=monitor-office-20-tcn-led-hd-60hz-hdmi-vga\",\"name\":\"Monitor Office 20 Tcn Led Hd 60hz Hdmi Vga - sistechsoftware.com.br\",\"isPartOf\":{\"@id\":\"https:\/\/sistechsoftware.com.br\/#website\"},\"primaryImageOfPage\":{\"@id\":\"https:\/\/sistechsoftware.com.br\/?product=monitor-office-20-tcn-led-hd-60hz-hdmi-vga#primaryimage\"},\"image\":{\"@id\":\"https:\/\/sistechsoftware.com.br\/?product=monitor-office-20-tcn-led-hd-60hz-hdmi-vga#primaryimage\"},\"thumbnailUrl\":\"https:\/\/sistechsoftware.com.br\/wp-content\/uploads\/2025\/03\/monitor-1.png\",\"datePublished\":\"2025-03-01T14:25:51+00:00\",\"breadcrumb\":{\"@id\":\"https:\/\/sistechsoftware.com.br\/?product=monitor-office-20-tcn-led-hd-60hz-hdmi-vga#breadcrumb\"},\"inLanguage\":\"pt-BR\",\"potentialAction\":[{\"@type\":\"ReadAction\",\"target\":[\"https:\/\/sistechsoftware.com.br\/?product=monitor-office-20-tcn-led-hd-60hz-hdmi-vga\"]}]},{\"@type\":\"ImageObject\",\"inLanguage\":\"pt-BR\",\"@id\":\"https:\/\/sistechsoftware.com.br\/?product=monitor-office-20-tcn-led-hd-60hz-hdmi-vga#primaryimage\",\"url\":\"https:\/\/sistechsoftware.com.br\/wp-content\/uploads\/2025\/03\/monitor-1.png\",\"contentUrl\":\"https:\/\/sistechsoftware.com.br\/wp-content\/uploads\/2025\/03\/monitor-1.png\",\"width\":738,\"height\":697},{\"@type\":\"BreadcrumbList\",\"@id\":\"https:\/\/sistechsoftware.com.br\/?product=monitor-office-20-tcn-led-hd-60hz-hdmi-vga#breadcrumb\",\"itemListElement\":[{\"@type\":\"ListItem\",\"position\":1,\"name\":\"In\u00edcio\",\"item\":\"https:\/\/sistechsoftware.com.br\/\"},{\"@type\":\"ListItem\",\"position\":2,\"name\":\"Shop\",\"item\":\"https:\/\/sistechsoftware.com.br\/?page_id=544\"},{\"@type\":\"ListItem\",\"position\":3,\"name\":\"Monitor Office 20 Tcn Led Hd 60hz Hdmi Vga\"}]},{\"@type\":\"WebSite\",\"@id\":\"https:\/\/sistechsoftware.com.br\/#website\",\"url\":\"https:\/\/sistechsoftware.com.br\/\",\"name\":\"sistechsoftware.com.br\",\"description\":\"\",\"publisher\":{\"@id\":\"https:\/\/sistechsoftware.com.br\/#organization\"},\"potentialAction\":[{\"@type\":\"SearchAction\",\"target\":{\"@type\":\"EntryPoint\",\"urlTemplate\":\"https:\/\/sistechsoftware.com.br\/?s={search_term_string}\"},\"query-input\":{\"@type\":\"PropertyValueSpecification\",\"valueRequired\":true,\"valueName\":\"search_term_string\"}}],\"inLanguage\":\"pt-BR\"},{\"@type\":\"Organization\",\"@id\":\"https:\/\/sistechsoftware.com.br\/#organization\",\"name\":\"sistechsoftware.com.br\",\"url\":\"https:\/\/sistechsoftware.com.br\/\",\"logo\":{\"@type\":\"ImageObject\",\"inLanguage\":\"pt-BR\",\"@id\":\"https:\/\/sistechsoftware.com.br\/#\/schema\/logo\/image\/\",\"url\":\"https:\/\/sistechsoftware.com.br\/wp-content\/uploads\/2025\/01\/2bc4c4e9-190e-428c-9e8c-abd1d40d431c.png\",\"contentUrl\":\"https:\/\/sistechsoftware.com.br\/wp-content\/uploads\/2025\/01\/2bc4c4e9-190e-428c-9e8c-abd1d40d431c.png\",\"width\":6250,\"height\":2553,\"caption\":\"sistechsoftware.com.br\"},\"image\":{\"@id\":\"https:\/\/sistechsoftware.com.br\/#\/schema\/logo\/image\/\"},\"sameAs\":[\"https:\/\/www.facebook.com\/sistechTHE\/\",\"https:\/\/www.instagram.com\/sistechcocais\/\"]}]}<\/script>\n<!-- \/ Yoast SEO plugin. -->","yoast_head_json":{"title":"Monitor Office 20 Tcn Led Hd 60hz Hdmi Vga - sistechsoftware.com.br","robots":{"index":"index","follow":"follow","max-snippet":"max-snippet:-1","max-image-preview":"max-image-preview:large","max-video-preview":"max-video-preview:-1"},"canonical":"https:\/\/sistechsoftware.com.br\/?product=monitor-office-20-tcn-led-hd-60hz-hdmi-vga","og_locale":"pt_BR","og_type":"article","og_title":"Monitor Office 20 Tcn Led Hd 60hz Hdmi Vga - sistechsoftware.com.br","og_description":"Caracter\u00edsticas do produto Caracter\u00edsticas gerais Marca TCN Linha Monitor Modelo Office Modelo alfanum\u00e9rico Office Cor Preto Voltagem 127\/220V Especifica\u00e7\u00f5es \u00c9 gamer N\u00e3o Tela Tamanho da tela 20 &#8220; Tipo de tela LED Tipo de resolu\u00e7\u00e3o HD Taxa de atualiza\u00e7\u00e3o recomendada 60 Hz Conectividade Conex\u00f5es do monitor do computador HDMI Cabos inclu\u00eddos HDMI Descri\u00e7\u00e3o Monitor Office [&hellip;]","og_url":"https:\/\/sistechsoftware.com.br\/?product=monitor-office-20-tcn-led-hd-60hz-hdmi-vga","og_site_name":"sistechsoftware.com.br","article_publisher":"https:\/\/www.facebook.com\/sistechTHE\/","og_image":[{"width":738,"height":697,"url":"https:\/\/sistechsoftware.com.br\/wp-content\/uploads\/2025\/03\/monitor-1.png","type":"image\/png"}],"twitter_card":"summary_large_image","twitter_misc":{"Est. tempo de leitura":"1 minuto"},"schema":{"@context":"https:\/\/schema.org","@graph":[{"@type":"WebPage","@id":"https:\/\/sistechsoftware.com.br\/?product=monitor-office-20-tcn-led-hd-60hz-hdmi-vga","url":"https:\/\/sistechsoftware.com.br\/?product=monitor-office-20-tcn-led-hd-60hz-hdmi-vga","name":"Monitor Office 20 Tcn Led Hd 60hz Hdmi Vga - sistechsoftware.com.br","isPartOf":{"@id":"https:\/\/sistechsoftware.com.br\/#website"},"primaryImageOfPage":{"@id":"https:\/\/sistechsoftware.com.br\/?product=monitor-office-20-tcn-led-hd-60hz-hdmi-vga#primaryimage"},"image":{"@id":"https:\/\/sistechsoftware.com.br\/?product=monitor-office-20-tcn-led-hd-60hz-hdmi-vga#primaryimage"},"thumbnailUrl":"https:\/\/sistechsoftware.com.br\/wp-content\/uploads\/2025\/03\/monitor-1.png","datePublished":"2025-03-01T14:25:51+00:00","breadcrumb":{"@id":"https:\/\/sistechsoftware.com.br\/?product=monitor-office-20-tcn-led-hd-60hz-hdmi-vga#breadcrumb"},"inLanguage":"pt-BR","potentialAction":[{"@type":"ReadAction","target":["https:\/\/sistechsoftware.com.br\/?product=monitor-office-20-tcn-led-hd-60hz-hdmi-vga"]}]},{"@type":"ImageObject","inLanguage":"pt-BR","@id":"https:\/\/sistechsoftware.com.br\/?product=monitor-office-20-tcn-led-hd-60hz-hdmi-vga#primaryimage","url":"https:\/\/sistechsoftware.com.br\/wp-content\/uploads\/2025\/03\/monitor-1.png","contentUrl":"https:\/\/sistechsoftware.com.br\/wp-content\/uploads\/2025\/03\/monitor-1.png","width":738,"height":697},{"@type":"BreadcrumbList","@id":"https:\/\/sistechsoftware.com.br\/?product=monitor-office-20-tcn-led-hd-60hz-hdmi-vga#breadcrumb","itemListElement":[{"@type":"ListItem","position":1,"name":"In\u00edcio","item":"https:\/\/sistechsoftware.com.br\/"},{"@type":"ListItem","position":2,"name":"Shop","item":"https:\/\/sistechsoftware.com.br\/?page_id=544"},{"@type":"ListItem","position":3,"name":"Monitor Office 20 Tcn Led Hd 60hz Hdmi Vga"}]},{"@type":"WebSite","@id":"https:\/\/sistechsoftware.com.br\/#website","url":"https:\/\/sistechsoftware.com.br\/","name":"sistechsoftware.com.br","description":"","publisher":{"@id":"https:\/\/sistechsoftware.com.br\/#organization"},"potentialAction":[{"@type":"SearchAction","target":{"@type":"EntryPoint","urlTemplate":"https:\/\/sistechsoftware.com.br\/?s={search_term_string}"},"query-input":{"@type":"PropertyValueSpecification","valueRequired":true,"valueName":"search_term_string"}}],"inLanguage":"pt-BR"},{"@type":"Organization","@id":"https:\/\/sistechsoftware.com.br\/#organization","name":"sistechsoftware.com.br","url":"https:\/\/sistechsoftware.com.br\/","logo":{"@type":"ImageObject","inLanguage":"pt-BR","@id":"https:\/\/sistechsoftware.com.br\/#\/schema\/logo\/image\/","url":"https:\/\/sistechsoftware.com.br\/wp-content\/uploads\/2025\/01\/2bc4c4e9-190e-428c-9e8c-abd1d40d431c.png","contentUrl":"https:\/\/sistechsoftware.com.br\/wp-content\/uploads\/2025\/01\/2bc4c4e9-190e-428c-9e8c-abd1d40d431c.png","width":6250,"height":2553,"caption":"sistechsoftware.com.br"},"image":{"@id":"https:\/\/sistechsoftware.com.br\/#\/schema\/logo\/image\/"},"sameAs":["https:\/\/www.facebook.com\/sistechTHE\/","https:\/\/www.instagram.com\/sistechcocais\/"]}]}},"_links":{"self":[{"href":"https:\/\/sistechsoftware.com.br\/index.php?rest_route=\/wp\/v2\/product\/957","targetHints":{"allow":["GET"]}}],"collection":[{"href":"https:\/\/sistechsoftware.com.br\/index.php?rest_route=\/wp\/v2\/product"}],"about":[{"href":"https:\/\/sistechsoftware.com.br\/index.php?rest_route=\/wp\/v2\/types\/product"}],"replies":[{"embeddable":true,"href":"https:\/\/sistechsoftware.com.br\/index.php?rest_route=%2Fwp%2Fv2%2Fcomments&post=957"}],"wp:featuredmedia":[{"embeddable":true,"href":"https:\/\/sistechsoftware.com.br\/index.php?rest_route=\/wp\/v2\/media\/958"}],"wp:attachment":[{"href":"https:\/\/sistechsoftware.com.br\/index.php?rest_route=%2Fwp%2Fv2%2Fmedia&parent=957"}],"wp:term":[{"taxonomy":"product_brand","embeddable":true,"href":"https:\/\/sistechsoftware.com.br\/index.php?rest_route=%2Fwp%2Fv2%2Fproduct_brand&post=957"},{"taxonomy":"product_cat","embeddable":true,"href":"https:\/\/sistechsoftware.com.br\/index.php?rest_route=%2Fwp%2Fv2%2Fproduct_cat&post=957"},{"taxonomy":"product_tag","embeddable":true,"href":"https:\/\/sistechsoftware.com.br\/index.php?rest_route=%2Fwp%2Fv2%2Fproduct_tag&post=957"}],"curies":[{"name":"wp","href":"https:\/\/api.w.org\/{rel}","templated":true}]}}