{"id":951,"date":"2025-03-01T14:10:28","date_gmt":"2025-03-01T14:10:28","guid":{"rendered":"https:\/\/sistechsoftware.com.br\/?post_type=product&#038;p=951"},"modified":"2025-03-01T14:11:11","modified_gmt":"2025-03-01T14:11:11","slug":"impressora-termica-nao-fiscal-usbserialethernet-gt","status":"publish","type":"product","link":"https:\/\/sistechsoftware.com.br\/?product=impressora-termica-nao-fiscal-usbserialethernet-gt","title":{"rendered":"Imp.T\u00e9rmica N\u00e3o Fiscal Usb+Serial+Ethernet | Gt"},"content":{"rendered":"<div class=\"ui-pdp-container__row ui-pdp-container__row--highlighted-specs-title\">\n<h2 class=\"ui-vpp-text-alignment--left ui-pdp-color--BLACK ui-pdp-size--XLARGE ui-pdp-family--REGULAR highlighted-specs-title\">Caracter\u00edsticas do produto<\/h2>\n<\/div>\n<div class=\"ui-pdp-container__row ui-pdp-container__row--attributes\">\n<div class=\"ui-vpp-highlighted-specs__attribute-columns\">\n<div class=\"ui-vpp-highlighted-specs__attribute-columns__column\">\n<div class=\"ui-pdp-container__row ui-vpp-highlighted-specs__attribute-columns__row\">\n<div class=\"ui-vpp-highlighted-specs__key-value\">\n<div class=\"ui-pdp-background-color--GRAY_40 ui-vpp-highlighted-specs__filled-icon ui-vpp-highlighted-specs__filled-icon--ROUNDED\" aria-hidden=\"true\"><span class=\"ui-pdp-color--BLACK ui-pdp-size--XSMALL ui-pdp-family--REGULAR\">Tipo de impressora:<\/span>\u00a0<span class=\"ui-pdp-color--BLACK ui-pdp-size--XSMALL ui-pdp-family--SEMIBOLD\">T\u00e9rmica<\/span><\/div>\n<\/div>\n<\/div>\n<div class=\"ui-pdp-container__row ui-vpp-highlighted-specs__attribute-columns__row\">\n<div class=\"ui-vpp-highlighted-specs__key-value\">\n<div class=\"ui-pdp-background-color--GRAY_40 ui-vpp-highlighted-specs__filled-icon ui-vpp-highlighted-specs__filled-icon--ROUNDED\" aria-hidden=\"true\"><span class=\"ui-pdp-color--BLACK ui-pdp-size--XSMALL ui-pdp-family--REGULAR\">Tipo de impress\u00e3o:<\/span>\u00a0<span class=\"ui-pdp-color--BLACK ui-pdp-size--XSMALL ui-pdp-family--SEMIBOLD\">Monocrom\u00e1tica<\/span><\/div>\n<\/div>\n<\/div>\n<div class=\"ui-pdp-container__row ui-vpp-highlighted-specs__attribute-columns__row\">\n<div class=\"ui-vpp-highlighted-specs__key-value\">\n<div class=\"ui-pdp-background-color--GRAY_40 ui-vpp-highlighted-specs__filled-icon ui-vpp-highlighted-specs__filled-icon--ROUNDED\" aria-hidden=\"true\"><span class=\"ui-pdp-color--BLACK ui-pdp-size--XSMALL ui-pdp-family--REGULAR\">Com Wi-Fi:<\/span>\u00a0<span class=\"ui-pdp-color--BLACK ui-pdp-size--XSMALL ui-pdp-family--SEMIBOLD\">N\u00e3o<\/span><\/div>\n<\/div>\n<\/div>\n<\/div>\n<div class=\"ui-vpp-highlighted-specs__attribute-columns__column\">\n<div class=\"ui-pdp-container__row ui-vpp-highlighted-specs__attribute-columns__row\">\n<div class=\"ui-vpp-highlighted-specs__key-value\">\n<div class=\"ui-pdp-background-color--GRAY_40 ui-vpp-highlighted-specs__filled-icon ui-vpp-highlighted-specs__filled-icon--ROUNDED\" aria-hidden=\"true\"><span class=\"ui-pdp-color--BLACK ui-pdp-size--XSMALL ui-pdp-family--REGULAR\">Tecnologia da impress\u00e3o:<\/span>\u00a0<span class=\"ui-pdp-color--BLACK ui-pdp-size--XSMALL ui-pdp-family--SEMIBOLD\">T\u00e9rmica<\/span><\/div>\n<\/div>\n<\/div>\n<div class=\"ui-pdp-container__row ui-vpp-highlighted-specs__attribute-columns__row\">\n<div class=\"ui-vpp-highlighted-specs__key-value\">\n<div aria-hidden=\"true\"><\/div>\n<div class=\"ui-pdp-background-color--GRAY_40 ui-vpp-highlighted-specs__filled-icon ui-vpp-highlighted-specs__filled-icon--ROUNDED\" aria-hidden=\"true\"><span class=\"ui-pdp-color--BLACK ui-pdp-size--XSMALL ui-pdp-family--REGULAR\">Fun\u00e7\u00f5es da impressora:<\/span>\u00a0<span class=\"ui-pdp-color--BLACK ui-pdp-size--XSMALL ui-pdp-family--SEMIBOLD\">N\u00e3o fiscal<\/span><\/div>\n<\/div>\n<\/div>\n<\/div>\n<\/div>\n<\/div>\n<div class=\"ui-pdp-container__row ui-pdp-container__row--technical-specifications\">\n<div class=\"ui-pdp-collapsable ui-vpp-highlighted-specs__striped-collapsed__action\">\n<div class=\"ui-pdp-collapsable__container\">\n<div class=\"ui-vpp-highlighted-specs__striped-specs\">\n<div class=\"ui-vpp-striped-specs\">\n<div class=\"ui-vpp-striped-specs__table\">\n<h3 class=\"ui-vpp-striped-specs__header\">Caracter\u00edsticas gerais<\/h3>\n<table class=\"andes-table\">\n<tbody class=\"andes-table__body\">\n<tr class=\"andes-table__row ui-vpp-striped-specs__row\">\n<th class=\"andes-table__header andes-table__header--left ui-vpp-striped-specs__row__column ui-vpp-striped-specs__row__column--id\" scope=\"row\">\n<div class=\"andes-table__header__container\">Marca<\/div>\n<\/th>\n<td id=\":R19f5bkulpjm:\" class=\"andes-table__column andes-table__column--left andes-table__column--vertical-align-center ui-vpp-striped-specs__row__column\"><span id=\":R19f5bkulpjm:-value\" class=\"andes-table__column--value\">Goldentec<\/span><\/td>\n<\/tr>\n<tr class=\"andes-table__row ui-vpp-striped-specs__row\">\n<th class=\"andes-table__header andes-table__header--left ui-vpp-striped-specs__row__column ui-vpp-striped-specs__row__column--id\" scope=\"row\">\n<div class=\"andes-table__header__container\">Modelo<\/div>\n<\/th>\n<td id=\":R19n5bkulpjm:\" class=\"andes-table__column andes-table__column--left andes-table__column--vertical-align-center ui-vpp-striped-specs__row__column\"><span id=\":R19n5bkulpjm:-value\" class=\"andes-table__column--value\">T\u00e9rmica<\/span><\/td>\n<\/tr>\n<tr class=\"andes-table__row ui-vpp-striped-specs__row\">\n<th class=\"andes-table__header andes-table__header--left ui-vpp-striped-specs__row__column ui-vpp-striped-specs__row__column--id\" scope=\"row\">\n<div class=\"andes-table__header__container\">Modelo alfanum\u00e9rico<\/div>\n<\/th>\n<td id=\":R19v5bkulpjm:\" class=\"andes-table__column andes-table__column--left andes-table__column--vertical-align-center ui-vpp-striped-specs__row__column\"><span id=\":R19v5bkulpjm:-value\" class=\"andes-table__column--value\">Impressora T\u00e9rmica<\/span><\/td>\n<\/tr>\n<\/tbody>\n<\/table>\n<\/div>\n<div class=\"ui-vpp-striped-specs__table\">\n<h2 class=\"ui-pdp-description__title\" data-testid=\"title\">Descri\u00e7\u00e3o<\/h2>\n<p class=\"ui-pdp-description__content\" data-testid=\"content\"><strong>Especifica\u00e7\u00f5es:<\/strong><br \/>\nMarca Goldentec<br \/>\nConex\u00f5es USB + Serial + Ethernet<br \/>\nGilhotina Sim, de corte parcial<br \/>\nFun\u00e7\u00e3o corte autom\u00e1tico Sim<br \/>\nVida \u00fatil da guilhotina 1,000,000 cortes<br \/>\nVelocidade m\u00e1xima de impres\u00e3o 250mm\/s<br \/>\nResolu\u00e7\u00e3o de impress\u00e3o 203DPI, 8 dots\/mm<br \/>\nVida \u00fatil da cabe\u00e7a t\u00e9rmica 100km<br \/>\nTamanho do Papel Largura: 80mm<br \/>\nTens\u00e3o de entrada 100-240VAC<br \/>\nConsumo de Energia 24V, 2A<br \/>\nProtocolos de integra\u00e7\u00e3o Compat\u00edvel com comandos ESC\/POS<br \/>\nSistemas Compat\u00edveis Windows 7 ou superior<br \/>\nUbuntu 12.04 32\/64, Ubuntu 14.04 32\/64<br \/>\nMac<\/p>\n<\/div>\n<\/div>\n<\/div>\n<\/div>\n<\/div>\n<\/div>\n","protected":false},"excerpt":{"rendered":"<p>Caracter\u00edsticas do produto Tipo de impressora:\u00a0T\u00e9rmica Tipo de impress\u00e3o:\u00a0Monocrom\u00e1tica Com Wi-Fi:\u00a0N\u00e3o Tecnologia da impress\u00e3o:\u00a0T\u00e9rmica Fun\u00e7\u00f5es da impressora:\u00a0N\u00e3o fiscal Caracter\u00edsticas gerais Marca Goldentec Modelo T\u00e9rmica Modelo alfanum\u00e9rico Impressora T\u00e9rmica Descri\u00e7\u00e3o Especifica\u00e7\u00f5es: Marca Goldentec Conex\u00f5es USB + Serial + Ethernet Gilhotina Sim, de corte parcial Fun\u00e7\u00e3o corte autom\u00e1tico Sim Vida \u00fatil da guilhotina 1,000,000 cortes Velocidade m\u00e1xima [&hellip;]<\/p>\n","protected":false},"featured_media":956,"comment_status":"open","ping_status":"closed","template":"","meta":[],"product_brand":[],"product_cat":[33],"product_tag":[66,65],"class_list":{"0":"post-951","1":"product","2":"type-product","3":"status-publish","4":"has-post-thumbnail","6":"product_cat-automacao-comercial","7":"product_tag-automacao","8":"product_tag-impressora-termica","10":"first","11":"instock","12":"shipping-taxable","13":"purchasable","14":"product-type-simple"},"yoast_head":"<!-- This site is optimized with the Yoast SEO plugin v24.7 - https:\/\/yoast.com\/wordpress\/plugins\/seo\/ -->\n<title>Imp.T\u00e9rmica N\u00e3o Fiscal Usb+Serial+Ethernet | Gt - sistechsoftware.com.br<\/title>\n<meta name=\"robots\" content=\"index, follow, max-snippet:-1, max-image-preview:large, max-video-preview:-1\" \/>\n<link rel=\"canonical\" href=\"https:\/\/sistechsoftware.com.br\/?product=impressora-termica-nao-fiscal-usbserialethernet-gt\" \/>\n<meta property=\"og:locale\" content=\"pt_BR\" \/>\n<meta property=\"og:type\" content=\"article\" \/>\n<meta property=\"og:title\" content=\"Imp.T\u00e9rmica N\u00e3o Fiscal Usb+Serial+Ethernet | Gt - sistechsoftware.com.br\" \/>\n<meta property=\"og:description\" content=\"Caracter\u00edsticas do produto Tipo de impressora:\u00a0T\u00e9rmica Tipo de impress\u00e3o:\u00a0Monocrom\u00e1tica Com Wi-Fi:\u00a0N\u00e3o Tecnologia da impress\u00e3o:\u00a0T\u00e9rmica Fun\u00e7\u00f5es da impressora:\u00a0N\u00e3o fiscal Caracter\u00edsticas gerais Marca Goldentec Modelo T\u00e9rmica Modelo alfanum\u00e9rico Impressora T\u00e9rmica Descri\u00e7\u00e3o Especifica\u00e7\u00f5es: Marca Goldentec Conex\u00f5es USB + Serial + Ethernet Gilhotina Sim, de corte parcial Fun\u00e7\u00e3o corte autom\u00e1tico Sim Vida \u00fatil da guilhotina 1,000,000 cortes Velocidade m\u00e1xima [&hellip;]\" \/>\n<meta property=\"og:url\" content=\"https:\/\/sistechsoftware.com.br\/?product=impressora-termica-nao-fiscal-usbserialethernet-gt\" \/>\n<meta property=\"og:site_name\" content=\"sistechsoftware.com.br\" \/>\n<meta property=\"article:publisher\" content=\"https:\/\/www.facebook.com\/sistechTHE\/\" \/>\n<meta property=\"article:modified_time\" content=\"2025-03-01T14:11:11+00:00\" \/>\n<meta property=\"og:image\" content=\"https:\/\/sistechsoftware.com.br\/wp-content\/uploads\/2025\/03\/impressora1.png\" \/>\n\t<meta property=\"og:image:width\" content=\"872\" \/>\n\t<meta property=\"og:image:height\" content=\"684\" \/>\n\t<meta property=\"og:image:type\" content=\"image\/png\" \/>\n<meta name=\"twitter:card\" content=\"summary_large_image\" \/>\n<meta name=\"twitter:label1\" content=\"Est. tempo de leitura\" \/>\n\t<meta name=\"twitter:data1\" content=\"1 minuto\" \/>\n<script type=\"application\/ld+json\" class=\"yoast-schema-graph\">{\"@context\":\"https:\/\/schema.org\",\"@graph\":[{\"@type\":\"WebPage\",\"@id\":\"https:\/\/sistechsoftware.com.br\/?product=impressora-termica-nao-fiscal-usbserialethernet-gt\",\"url\":\"https:\/\/sistechsoftware.com.br\/?product=impressora-termica-nao-fiscal-usbserialethernet-gt\",\"name\":\"Imp.T\u00e9rmica N\u00e3o Fiscal Usb+Serial+Ethernet | Gt - sistechsoftware.com.br\",\"isPartOf\":{\"@id\":\"https:\/\/sistechsoftware.com.br\/#website\"},\"primaryImageOfPage\":{\"@id\":\"https:\/\/sistechsoftware.com.br\/?product=impressora-termica-nao-fiscal-usbserialethernet-gt#primaryimage\"},\"image\":{\"@id\":\"https:\/\/sistechsoftware.com.br\/?product=impressora-termica-nao-fiscal-usbserialethernet-gt#primaryimage\"},\"thumbnailUrl\":\"https:\/\/sistechsoftware.com.br\/wp-content\/uploads\/2025\/03\/impressora1.png\",\"datePublished\":\"2025-03-01T14:10:28+00:00\",\"dateModified\":\"2025-03-01T14:11:11+00:00\",\"breadcrumb\":{\"@id\":\"https:\/\/sistechsoftware.com.br\/?product=impressora-termica-nao-fiscal-usbserialethernet-gt#breadcrumb\"},\"inLanguage\":\"pt-BR\",\"potentialAction\":[{\"@type\":\"ReadAction\",\"target\":[\"https:\/\/sistechsoftware.com.br\/?product=impressora-termica-nao-fiscal-usbserialethernet-gt\"]}]},{\"@type\":\"ImageObject\",\"inLanguage\":\"pt-BR\",\"@id\":\"https:\/\/sistechsoftware.com.br\/?product=impressora-termica-nao-fiscal-usbserialethernet-gt#primaryimage\",\"url\":\"https:\/\/sistechsoftware.com.br\/wp-content\/uploads\/2025\/03\/impressora1.png\",\"contentUrl\":\"https:\/\/sistechsoftware.com.br\/wp-content\/uploads\/2025\/03\/impressora1.png\",\"width\":872,\"height\":684},{\"@type\":\"BreadcrumbList\",\"@id\":\"https:\/\/sistechsoftware.com.br\/?product=impressora-termica-nao-fiscal-usbserialethernet-gt#breadcrumb\",\"itemListElement\":[{\"@type\":\"ListItem\",\"position\":1,\"name\":\"In\u00edcio\",\"item\":\"https:\/\/sistechsoftware.com.br\/\"},{\"@type\":\"ListItem\",\"position\":2,\"name\":\"Shop\",\"item\":\"https:\/\/sistechsoftware.com.br\/?page_id=544\"},{\"@type\":\"ListItem\",\"position\":3,\"name\":\"Imp.T\u00e9rmica N\u00e3o Fiscal Usb+Serial+Ethernet | Gt\"}]},{\"@type\":\"WebSite\",\"@id\":\"https:\/\/sistechsoftware.com.br\/#website\",\"url\":\"https:\/\/sistechsoftware.com.br\/\",\"name\":\"sistechsoftware.com.br\",\"description\":\"\",\"publisher\":{\"@id\":\"https:\/\/sistechsoftware.com.br\/#organization\"},\"potentialAction\":[{\"@type\":\"SearchAction\",\"target\":{\"@type\":\"EntryPoint\",\"urlTemplate\":\"https:\/\/sistechsoftware.com.br\/?s={search_term_string}\"},\"query-input\":{\"@type\":\"PropertyValueSpecification\",\"valueRequired\":true,\"valueName\":\"search_term_string\"}}],\"inLanguage\":\"pt-BR\"},{\"@type\":\"Organization\",\"@id\":\"https:\/\/sistechsoftware.com.br\/#organization\",\"name\":\"sistechsoftware.com.br\",\"url\":\"https:\/\/sistechsoftware.com.br\/\",\"logo\":{\"@type\":\"ImageObject\",\"inLanguage\":\"pt-BR\",\"@id\":\"https:\/\/sistechsoftware.com.br\/#\/schema\/logo\/image\/\",\"url\":\"https:\/\/sistechsoftware.com.br\/wp-content\/uploads\/2025\/01\/2bc4c4e9-190e-428c-9e8c-abd1d40d431c.png\",\"contentUrl\":\"https:\/\/sistechsoftware.com.br\/wp-content\/uploads\/2025\/01\/2bc4c4e9-190e-428c-9e8c-abd1d40d431c.png\",\"width\":6250,\"height\":2553,\"caption\":\"sistechsoftware.com.br\"},\"image\":{\"@id\":\"https:\/\/sistechsoftware.com.br\/#\/schema\/logo\/image\/\"},\"sameAs\":[\"https:\/\/www.facebook.com\/sistechTHE\/\",\"https:\/\/www.instagram.com\/sistechcocais\/\"]}]}<\/script>\n<!-- \/ Yoast SEO plugin. -->","yoast_head_json":{"title":"Imp.T\u00e9rmica N\u00e3o Fiscal Usb+Serial+Ethernet | Gt - sistechsoftware.com.br","robots":{"index":"index","follow":"follow","max-snippet":"max-snippet:-1","max-image-preview":"max-image-preview:large","max-video-preview":"max-video-preview:-1"},"canonical":"https:\/\/sistechsoftware.com.br\/?product=impressora-termica-nao-fiscal-usbserialethernet-gt","og_locale":"pt_BR","og_type":"article","og_title":"Imp.T\u00e9rmica N\u00e3o Fiscal Usb+Serial+Ethernet | Gt - sistechsoftware.com.br","og_description":"Caracter\u00edsticas do produto Tipo de impressora:\u00a0T\u00e9rmica Tipo de impress\u00e3o:\u00a0Monocrom\u00e1tica Com Wi-Fi:\u00a0N\u00e3o Tecnologia da impress\u00e3o:\u00a0T\u00e9rmica Fun\u00e7\u00f5es da impressora:\u00a0N\u00e3o fiscal Caracter\u00edsticas gerais Marca Goldentec Modelo T\u00e9rmica Modelo alfanum\u00e9rico Impressora T\u00e9rmica Descri\u00e7\u00e3o Especifica\u00e7\u00f5es: Marca Goldentec Conex\u00f5es USB + Serial + Ethernet Gilhotina Sim, de corte parcial Fun\u00e7\u00e3o corte autom\u00e1tico Sim Vida \u00fatil da guilhotina 1,000,000 cortes Velocidade m\u00e1xima [&hellip;]","og_url":"https:\/\/sistechsoftware.com.br\/?product=impressora-termica-nao-fiscal-usbserialethernet-gt","og_site_name":"sistechsoftware.com.br","article_publisher":"https:\/\/www.facebook.com\/sistechTHE\/","article_modified_time":"2025-03-01T14:11:11+00:00","og_image":[{"width":872,"height":684,"url":"https:\/\/sistechsoftware.com.br\/wp-content\/uploads\/2025\/03\/impressora1.png","type":"image\/png"}],"twitter_card":"summary_large_image","twitter_misc":{"Est. tempo de leitura":"1 minuto"},"schema":{"@context":"https:\/\/schema.org","@graph":[{"@type":"WebPage","@id":"https:\/\/sistechsoftware.com.br\/?product=impressora-termica-nao-fiscal-usbserialethernet-gt","url":"https:\/\/sistechsoftware.com.br\/?product=impressora-termica-nao-fiscal-usbserialethernet-gt","name":"Imp.T\u00e9rmica N\u00e3o Fiscal Usb+Serial+Ethernet | Gt - sistechsoftware.com.br","isPartOf":{"@id":"https:\/\/sistechsoftware.com.br\/#website"},"primaryImageOfPage":{"@id":"https:\/\/sistechsoftware.com.br\/?product=impressora-termica-nao-fiscal-usbserialethernet-gt#primaryimage"},"image":{"@id":"https:\/\/sistechsoftware.com.br\/?product=impressora-termica-nao-fiscal-usbserialethernet-gt#primaryimage"},"thumbnailUrl":"https:\/\/sistechsoftware.com.br\/wp-content\/uploads\/2025\/03\/impressora1.png","datePublished":"2025-03-01T14:10:28+00:00","dateModified":"2025-03-01T14:11:11+00:00","breadcrumb":{"@id":"https:\/\/sistechsoftware.com.br\/?product=impressora-termica-nao-fiscal-usbserialethernet-gt#breadcrumb"},"inLanguage":"pt-BR","potentialAction":[{"@type":"ReadAction","target":["https:\/\/sistechsoftware.com.br\/?product=impressora-termica-nao-fiscal-usbserialethernet-gt"]}]},{"@type":"ImageObject","inLanguage":"pt-BR","@id":"https:\/\/sistechsoftware.com.br\/?product=impressora-termica-nao-fiscal-usbserialethernet-gt#primaryimage","url":"https:\/\/sistechsoftware.com.br\/wp-content\/uploads\/2025\/03\/impressora1.png","contentUrl":"https:\/\/sistechsoftware.com.br\/wp-content\/uploads\/2025\/03\/impressora1.png","width":872,"height":684},{"@type":"BreadcrumbList","@id":"https:\/\/sistechsoftware.com.br\/?product=impressora-termica-nao-fiscal-usbserialethernet-gt#breadcrumb","itemListElement":[{"@type":"ListItem","position":1,"name":"In\u00edcio","item":"https:\/\/sistechsoftware.com.br\/"},{"@type":"ListItem","position":2,"name":"Shop","item":"https:\/\/sistechsoftware.com.br\/?page_id=544"},{"@type":"ListItem","position":3,"name":"Imp.T\u00e9rmica N\u00e3o Fiscal Usb+Serial+Ethernet | Gt"}]},{"@type":"WebSite","@id":"https:\/\/sistechsoftware.com.br\/#website","url":"https:\/\/sistechsoftware.com.br\/","name":"sistechsoftware.com.br","description":"","publisher":{"@id":"https:\/\/sistechsoftware.com.br\/#organization"},"potentialAction":[{"@type":"SearchAction","target":{"@type":"EntryPoint","urlTemplate":"https:\/\/sistechsoftware.com.br\/?s={search_term_string}"},"query-input":{"@type":"PropertyValueSpecification","valueRequired":true,"valueName":"search_term_string"}}],"inLanguage":"pt-BR"},{"@type":"Organization","@id":"https:\/\/sistechsoftware.com.br\/#organization","name":"sistechsoftware.com.br","url":"https:\/\/sistechsoftware.com.br\/","logo":{"@type":"ImageObject","inLanguage":"pt-BR","@id":"https:\/\/sistechsoftware.com.br\/#\/schema\/logo\/image\/","url":"https:\/\/sistechsoftware.com.br\/wp-content\/uploads\/2025\/01\/2bc4c4e9-190e-428c-9e8c-abd1d40d431c.png","contentUrl":"https:\/\/sistechsoftware.com.br\/wp-content\/uploads\/2025\/01\/2bc4c4e9-190e-428c-9e8c-abd1d40d431c.png","width":6250,"height":2553,"caption":"sistechsoftware.com.br"},"image":{"@id":"https:\/\/sistechsoftware.com.br\/#\/schema\/logo\/image\/"},"sameAs":["https:\/\/www.facebook.com\/sistechTHE\/","https:\/\/www.instagram.com\/sistechcocais\/"]}]}},"_links":{"self":[{"href":"https:\/\/sistechsoftware.com.br\/index.php?rest_route=\/wp\/v2\/product\/951","targetHints":{"allow":["GET"]}}],"collection":[{"href":"https:\/\/sistechsoftware.com.br\/index.php?rest_route=\/wp\/v2\/product"}],"about":[{"href":"https:\/\/sistechsoftware.com.br\/index.php?rest_route=\/wp\/v2\/types\/product"}],"replies":[{"embeddable":true,"href":"https:\/\/sistechsoftware.com.br\/index.php?rest_route=%2Fwp%2Fv2%2Fcomments&post=951"}],"wp:featuredmedia":[{"embeddable":true,"href":"https:\/\/sistechsoftware.com.br\/index.php?rest_route=\/wp\/v2\/media\/956"}],"wp:attachment":[{"href":"https:\/\/sistechsoftware.com.br\/index.php?rest_route=%2Fwp%2Fv2%2Fmedia&parent=951"}],"wp:term":[{"taxonomy":"product_brand","embeddable":true,"href":"https:\/\/sistechsoftware.com.br\/index.php?rest_route=%2Fwp%2Fv2%2Fproduct_brand&post=951"},{"taxonomy":"product_cat","embeddable":true,"href":"https:\/\/sistechsoftware.com.br\/index.php?rest_route=%2Fwp%2Fv2%2Fproduct_cat&post=951"},{"taxonomy":"product_tag","embeddable":true,"href":"https:\/\/sistechsoftware.com.br\/index.php?rest_route=%2Fwp%2Fv2%2Fproduct_tag&post=951"}],"curies":[{"name":"wp","href":"https:\/\/api.w.org\/{rel}","templated":true}]}}