{"id":1004,"date":"2025-03-01T17:13:40","date_gmt":"2025-03-01T17:13:40","guid":{"rendered":"https:\/\/sistechsoftware.com.br\/?post_type=product&#038;p=1004"},"modified":"2025-03-01T17:13:40","modified_gmt":"2025-03-01T17:13:40","slug":"fonte-500w-real-atx","status":"publish","type":"product","link":"https:\/\/sistechsoftware.com.br\/?product=fonte-500w-real-atx","title":{"rendered":"Fonte 500W Real ATX"},"content":{"rendered":"<table>\n<tbody>\n<tr>\n<td colspan=\"3\"><u><b>ESPECIFICA\u00c7\u00d5ES T\u00c9CNICAS<\/b><\/u><\/td>\n<\/tr>\n<tr>\n<td><b>Marca:<\/b><\/td>\n<td>Goldentec<\/td>\n<\/tr>\n<tr>\n<td><b>MTBF:<\/b><\/td>\n<td>100,000 horas<\/td>\n<\/tr>\n<tr>\n<td><b>N\u00edvel de certifica\u00e7\u00e3o:<\/b><\/td>\n<td>CE\/CB\/LVD\/ROHS<\/td>\n<\/tr>\n<tr>\n<td><b>Power:<\/b><\/td>\n<td>500W<\/td>\n<\/tr>\n<tr>\n<td><b>Tens\u00e3o de Entrada (Voltagem):<\/b><\/td>\n<td>100~260V<\/td>\n<\/tr>\n<tr>\n<td><b>Corrente de entrada:<\/b><\/td>\n<td>5\/8A max<\/td>\n<\/tr>\n<tr>\n<td><b>Frequ\u00eancia de entrada:<\/b><\/td>\n<td>50~60Hz<\/td>\n<\/tr>\n<tr>\n<td><b>Tamanho do ventilador:<\/b><\/td>\n<td>120mm<\/td>\n<\/tr>\n<tr>\n<td><b>Tipo de cabo:<\/b><\/td>\n<td>Sleeved<\/td>\n<\/tr>\n<tr>\n<td><b>Prote\u00e7\u00e3o:<\/b><\/td>\n<td>OPP, OCP, prote\u00e7\u00e3o contra curto-circuito, prote\u00e7\u00e3o contra sobrecarga, prote\u00e7\u00e3o contra raios<\/td>\n<\/tr>\n<tr>\n<td><b>Conectores<\/b><\/td>\n<td>Conector EPS: 1&#215;4+4pin<br \/>\nConector ATX: 1&#215;20+4<br \/>\nConector IDE: 2x4pin<br \/>\nConector PCIE: 1&#215;6+2pin<br \/>\nConector SATA: 3<\/td>\n<\/tr>\n<tr>\n<td><b>Compatibilidade<\/b><\/td>\n<td>Suporta padr\u00f5es ATX 12V. V2.3<\/td>\n<\/tr>\n<tr>\n<td><b>Dimens\u00f5es:<\/b><\/td>\n<td>150 x 140 x 85mm<\/td>\n<\/tr>\n<tr>\n<td><b>Conte\u00fado da embalagem<\/b><\/td>\n<td>1 Fonte 500W Real ATX | Goldentec<br \/>\n1 Cabo de Alimenta\u00e7\u00e3o<br \/>\n1 Manual<br \/>\n1 Termo de Garantia<\/td>\n<\/tr>\n<\/tbody>\n<\/table>\n","protected":false},"excerpt":{"rendered":"<p>ESPECIFICA\u00c7\u00d5ES T\u00c9CNICAS Marca: Goldentec MTBF: 100,000 horas N\u00edvel de certifica\u00e7\u00e3o: CE\/CB\/LVD\/ROHS Power: 500W Tens\u00e3o de Entrada (Voltagem): 100~260V Corrente de entrada: 5\/8A max Frequ\u00eancia de entrada: 50~60Hz Tamanho do ventilador: 120mm Tipo de cabo: Sleeved Prote\u00e7\u00e3o: OPP, OCP, prote\u00e7\u00e3o contra curto-circuito, prote\u00e7\u00e3o contra sobrecarga, prote\u00e7\u00e3o contra raios Conectores Conector EPS: 1&#215;4+4pin Conector ATX: 1&#215;20+4 Conector [&hellip;]<\/p>\n","protected":false},"featured_media":999,"comment_status":"open","ping_status":"closed","template":"","meta":[],"product_brand":[],"product_cat":[28],"product_tag":[79,78],"class_list":{"0":"post-1004","1":"product","2":"type-product","3":"status-publish","4":"has-post-thumbnail","6":"product_cat-perifericos","7":"product_tag-fontes","8":"product_tag-perifericos","10":"first","11":"instock","12":"shipping-taxable","13":"product-type-simple"},"yoast_head":"<!-- This site is optimized with the Yoast SEO plugin v24.7 - https:\/\/yoast.com\/wordpress\/plugins\/seo\/ -->\n<title>Fonte 500W Real ATX - sistechsoftware.com.br<\/title>\n<meta name=\"robots\" content=\"index, follow, max-snippet:-1, max-image-preview:large, max-video-preview:-1\" \/>\n<link rel=\"canonical\" href=\"https:\/\/sistechsoftware.com.br\/?product=fonte-500w-real-atx\" \/>\n<meta property=\"og:locale\" content=\"pt_BR\" \/>\n<meta property=\"og:type\" content=\"article\" \/>\n<meta property=\"og:title\" content=\"Fonte 500W Real ATX - sistechsoftware.com.br\" \/>\n<meta property=\"og:description\" content=\"ESPECIFICA\u00c7\u00d5ES T\u00c9CNICAS Marca: Goldentec MTBF: 100,000 horas N\u00edvel de certifica\u00e7\u00e3o: CE\/CB\/LVD\/ROHS Power: 500W Tens\u00e3o de Entrada (Voltagem): 100~260V Corrente de entrada: 5\/8A max Frequ\u00eancia de entrada: 50~60Hz Tamanho do ventilador: 120mm Tipo de cabo: Sleeved Prote\u00e7\u00e3o: OPP, OCP, prote\u00e7\u00e3o contra curto-circuito, prote\u00e7\u00e3o contra sobrecarga, prote\u00e7\u00e3o contra raios Conectores Conector EPS: 1&#215;4+4pin Conector ATX: 1&#215;20+4 Conector [&hellip;]\" \/>\n<meta property=\"og:url\" content=\"https:\/\/sistechsoftware.com.br\/?product=fonte-500w-real-atx\" \/>\n<meta property=\"og:site_name\" content=\"sistechsoftware.com.br\" \/>\n<meta property=\"article:publisher\" content=\"https:\/\/www.facebook.com\/sistechTHE\/\" \/>\n<meta property=\"og:image\" content=\"https:\/\/sistechsoftware.com.br\/wp-content\/uploads\/2025\/03\/fonte.png\" \/>\n\t<meta property=\"og:image:width\" content=\"796\" \/>\n\t<meta property=\"og:image:height\" content=\"648\" \/>\n\t<meta property=\"og:image:type\" content=\"image\/png\" \/>\n<meta name=\"twitter:card\" content=\"summary_large_image\" \/>\n<meta name=\"twitter:label1\" content=\"Est. tempo de leitura\" \/>\n\t<meta name=\"twitter:data1\" content=\"1 minuto\" \/>\n<script type=\"application\/ld+json\" class=\"yoast-schema-graph\">{\"@context\":\"https:\/\/schema.org\",\"@graph\":[{\"@type\":\"WebPage\",\"@id\":\"https:\/\/sistechsoftware.com.br\/?product=fonte-500w-real-atx\",\"url\":\"https:\/\/sistechsoftware.com.br\/?product=fonte-500w-real-atx\",\"name\":\"Fonte 500W Real ATX - sistechsoftware.com.br\",\"isPartOf\":{\"@id\":\"https:\/\/sistechsoftware.com.br\/#website\"},\"primaryImageOfPage\":{\"@id\":\"https:\/\/sistechsoftware.com.br\/?product=fonte-500w-real-atx#primaryimage\"},\"image\":{\"@id\":\"https:\/\/sistechsoftware.com.br\/?product=fonte-500w-real-atx#primaryimage\"},\"thumbnailUrl\":\"https:\/\/sistechsoftware.com.br\/wp-content\/uploads\/2025\/03\/fonte.png\",\"datePublished\":\"2025-03-01T17:13:40+00:00\",\"breadcrumb\":{\"@id\":\"https:\/\/sistechsoftware.com.br\/?product=fonte-500w-real-atx#breadcrumb\"},\"inLanguage\":\"pt-BR\",\"potentialAction\":[{\"@type\":\"ReadAction\",\"target\":[\"https:\/\/sistechsoftware.com.br\/?product=fonte-500w-real-atx\"]}]},{\"@type\":\"ImageObject\",\"inLanguage\":\"pt-BR\",\"@id\":\"https:\/\/sistechsoftware.com.br\/?product=fonte-500w-real-atx#primaryimage\",\"url\":\"https:\/\/sistechsoftware.com.br\/wp-content\/uploads\/2025\/03\/fonte.png\",\"contentUrl\":\"https:\/\/sistechsoftware.com.br\/wp-content\/uploads\/2025\/03\/fonte.png\",\"width\":796,\"height\":648},{\"@type\":\"BreadcrumbList\",\"@id\":\"https:\/\/sistechsoftware.com.br\/?product=fonte-500w-real-atx#breadcrumb\",\"itemListElement\":[{\"@type\":\"ListItem\",\"position\":1,\"name\":\"In\u00edcio\",\"item\":\"https:\/\/sistechsoftware.com.br\/\"},{\"@type\":\"ListItem\",\"position\":2,\"name\":\"Shop\",\"item\":\"https:\/\/sistechsoftware.com.br\/?page_id=544\"},{\"@type\":\"ListItem\",\"position\":3,\"name\":\"Fonte 500W Real ATX\"}]},{\"@type\":\"WebSite\",\"@id\":\"https:\/\/sistechsoftware.com.br\/#website\",\"url\":\"https:\/\/sistechsoftware.com.br\/\",\"name\":\"sistechsoftware.com.br\",\"description\":\"\",\"publisher\":{\"@id\":\"https:\/\/sistechsoftware.com.br\/#organization\"},\"potentialAction\":[{\"@type\":\"SearchAction\",\"target\":{\"@type\":\"EntryPoint\",\"urlTemplate\":\"https:\/\/sistechsoftware.com.br\/?s={search_term_string}\"},\"query-input\":{\"@type\":\"PropertyValueSpecification\",\"valueRequired\":true,\"valueName\":\"search_term_string\"}}],\"inLanguage\":\"pt-BR\"},{\"@type\":\"Organization\",\"@id\":\"https:\/\/sistechsoftware.com.br\/#organization\",\"name\":\"sistechsoftware.com.br\",\"url\":\"https:\/\/sistechsoftware.com.br\/\",\"logo\":{\"@type\":\"ImageObject\",\"inLanguage\":\"pt-BR\",\"@id\":\"https:\/\/sistechsoftware.com.br\/#\/schema\/logo\/image\/\",\"url\":\"https:\/\/sistechsoftware.com.br\/wp-content\/uploads\/2025\/01\/2bc4c4e9-190e-428c-9e8c-abd1d40d431c.png\",\"contentUrl\":\"https:\/\/sistechsoftware.com.br\/wp-content\/uploads\/2025\/01\/2bc4c4e9-190e-428c-9e8c-abd1d40d431c.png\",\"width\":6250,\"height\":2553,\"caption\":\"sistechsoftware.com.br\"},\"image\":{\"@id\":\"https:\/\/sistechsoftware.com.br\/#\/schema\/logo\/image\/\"},\"sameAs\":[\"https:\/\/www.facebook.com\/sistechTHE\/\",\"https:\/\/www.instagram.com\/sistechcocais\/\"]}]}<\/script>\n<!-- \/ Yoast SEO plugin. -->","yoast_head_json":{"title":"Fonte 500W Real ATX - sistechsoftware.com.br","robots":{"index":"index","follow":"follow","max-snippet":"max-snippet:-1","max-image-preview":"max-image-preview:large","max-video-preview":"max-video-preview:-1"},"canonical":"https:\/\/sistechsoftware.com.br\/?product=fonte-500w-real-atx","og_locale":"pt_BR","og_type":"article","og_title":"Fonte 500W Real ATX - sistechsoftware.com.br","og_description":"ESPECIFICA\u00c7\u00d5ES T\u00c9CNICAS Marca: Goldentec MTBF: 100,000 horas N\u00edvel de certifica\u00e7\u00e3o: CE\/CB\/LVD\/ROHS Power: 500W Tens\u00e3o de Entrada (Voltagem): 100~260V Corrente de entrada: 5\/8A max Frequ\u00eancia de entrada: 50~60Hz Tamanho do ventilador: 120mm Tipo de cabo: Sleeved Prote\u00e7\u00e3o: OPP, OCP, prote\u00e7\u00e3o contra curto-circuito, prote\u00e7\u00e3o contra sobrecarga, prote\u00e7\u00e3o contra raios Conectores Conector EPS: 1&#215;4+4pin Conector ATX: 1&#215;20+4 Conector [&hellip;]","og_url":"https:\/\/sistechsoftware.com.br\/?product=fonte-500w-real-atx","og_site_name":"sistechsoftware.com.br","article_publisher":"https:\/\/www.facebook.com\/sistechTHE\/","og_image":[{"width":796,"height":648,"url":"https:\/\/sistechsoftware.com.br\/wp-content\/uploads\/2025\/03\/fonte.png","type":"image\/png"}],"twitter_card":"summary_large_image","twitter_misc":{"Est. tempo de leitura":"1 minuto"},"schema":{"@context":"https:\/\/schema.org","@graph":[{"@type":"WebPage","@id":"https:\/\/sistechsoftware.com.br\/?product=fonte-500w-real-atx","url":"https:\/\/sistechsoftware.com.br\/?product=fonte-500w-real-atx","name":"Fonte 500W Real ATX - sistechsoftware.com.br","isPartOf":{"@id":"https:\/\/sistechsoftware.com.br\/#website"},"primaryImageOfPage":{"@id":"https:\/\/sistechsoftware.com.br\/?product=fonte-500w-real-atx#primaryimage"},"image":{"@id":"https:\/\/sistechsoftware.com.br\/?product=fonte-500w-real-atx#primaryimage"},"thumbnailUrl":"https:\/\/sistechsoftware.com.br\/wp-content\/uploads\/2025\/03\/fonte.png","datePublished":"2025-03-01T17:13:40+00:00","breadcrumb":{"@id":"https:\/\/sistechsoftware.com.br\/?product=fonte-500w-real-atx#breadcrumb"},"inLanguage":"pt-BR","potentialAction":[{"@type":"ReadAction","target":["https:\/\/sistechsoftware.com.br\/?product=fonte-500w-real-atx"]}]},{"@type":"ImageObject","inLanguage":"pt-BR","@id":"https:\/\/sistechsoftware.com.br\/?product=fonte-500w-real-atx#primaryimage","url":"https:\/\/sistechsoftware.com.br\/wp-content\/uploads\/2025\/03\/fonte.png","contentUrl":"https:\/\/sistechsoftware.com.br\/wp-content\/uploads\/2025\/03\/fonte.png","width":796,"height":648},{"@type":"BreadcrumbList","@id":"https:\/\/sistechsoftware.com.br\/?product=fonte-500w-real-atx#breadcrumb","itemListElement":[{"@type":"ListItem","position":1,"name":"In\u00edcio","item":"https:\/\/sistechsoftware.com.br\/"},{"@type":"ListItem","position":2,"name":"Shop","item":"https:\/\/sistechsoftware.com.br\/?page_id=544"},{"@type":"ListItem","position":3,"name":"Fonte 500W Real ATX"}]},{"@type":"WebSite","@id":"https:\/\/sistechsoftware.com.br\/#website","url":"https:\/\/sistechsoftware.com.br\/","name":"sistechsoftware.com.br","description":"","publisher":{"@id":"https:\/\/sistechsoftware.com.br\/#organization"},"potentialAction":[{"@type":"SearchAction","target":{"@type":"EntryPoint","urlTemplate":"https:\/\/sistechsoftware.com.br\/?s={search_term_string}"},"query-input":{"@type":"PropertyValueSpecification","valueRequired":true,"valueName":"search_term_string"}}],"inLanguage":"pt-BR"},{"@type":"Organization","@id":"https:\/\/sistechsoftware.com.br\/#organization","name":"sistechsoftware.com.br","url":"https:\/\/sistechsoftware.com.br\/","logo":{"@type":"ImageObject","inLanguage":"pt-BR","@id":"https:\/\/sistechsoftware.com.br\/#\/schema\/logo\/image\/","url":"https:\/\/sistechsoftware.com.br\/wp-content\/uploads\/2025\/01\/2bc4c4e9-190e-428c-9e8c-abd1d40d431c.png","contentUrl":"https:\/\/sistechsoftware.com.br\/wp-content\/uploads\/2025\/01\/2bc4c4e9-190e-428c-9e8c-abd1d40d431c.png","width":6250,"height":2553,"caption":"sistechsoftware.com.br"},"image":{"@id":"https:\/\/sistechsoftware.com.br\/#\/schema\/logo\/image\/"},"sameAs":["https:\/\/www.facebook.com\/sistechTHE\/","https:\/\/www.instagram.com\/sistechcocais\/"]}]}},"_links":{"self":[{"href":"https:\/\/sistechsoftware.com.br\/index.php?rest_route=\/wp\/v2\/product\/1004","targetHints":{"allow":["GET"]}}],"collection":[{"href":"https:\/\/sistechsoftware.com.br\/index.php?rest_route=\/wp\/v2\/product"}],"about":[{"href":"https:\/\/sistechsoftware.com.br\/index.php?rest_route=\/wp\/v2\/types\/product"}],"replies":[{"embeddable":true,"href":"https:\/\/sistechsoftware.com.br\/index.php?rest_route=%2Fwp%2Fv2%2Fcomments&post=1004"}],"wp:featuredmedia":[{"embeddable":true,"href":"https:\/\/sistechsoftware.com.br\/index.php?rest_route=\/wp\/v2\/media\/999"}],"wp:attachment":[{"href":"https:\/\/sistechsoftware.com.br\/index.php?rest_route=%2Fwp%2Fv2%2Fmedia&parent=1004"}],"wp:term":[{"taxonomy":"product_brand","embeddable":true,"href":"https:\/\/sistechsoftware.com.br\/index.php?rest_route=%2Fwp%2Fv2%2Fproduct_brand&post=1004"},{"taxonomy":"product_cat","embeddable":true,"href":"https:\/\/sistechsoftware.com.br\/index.php?rest_route=%2Fwp%2Fv2%2Fproduct_cat&post=1004"},{"taxonomy":"product_tag","embeddable":true,"href":"https:\/\/sistechsoftware.com.br\/index.php?rest_route=%2Fwp%2Fv2%2Fproduct_tag&post=1004"}],"curies":[{"name":"wp","href":"https:\/\/api.w.org\/{rel}","templated":true}]}}